{"id":13023,"date":"2025-01-10T21:27:44","date_gmt":"2025-01-10T21:27:44","guid":{"rendered":"https:\/\/webdev.acuarioinbursa.com.mx\/?page_id=13023"},"modified":"2026-02-18T17:17:28","modified_gmt":"2026-02-18T17:17:28","slug":"promo-3x2","status":"publish","type":"page","link":"https:\/\/webdev.acuarioinbursa.com.mx\/en\/promo-3x2\/","title":{"rendered":"promo 3&#215;2"},"content":{"rendered":"\t\t<div data-elementor-type=\"wp-page\" data-elementor-id=\"13023\" class=\"elementor elementor-13023\" data-elementor-post-type=\"page\">\n\t\t\t\t<div class=\"elementor-element elementor-element-4479318 elementor-hidden-mobile e-flex e-con-boxed e-con e-parent\" data-id=\"4479318\" data-element_type=\"container\" data-e-type=\"container\" data-settings=\"{&quot;background_background&quot;:&quot;classic&quot;}\">\n\t\t\t\t\t<div class=\"e-con-inner\">\n\t\t\t\t\t<\/div>\n\t\t\t\t<\/div>\n\t\t<div class=\"elementor-element elementor-element-88102b8 elementor-hidden-desktop elementor-hidden-tablet e-flex e-con-boxed e-con e-parent\" data-id=\"88102b8\" data-element_type=\"container\" data-e-type=\"container\" data-settings=\"{&quot;background_background&quot;:&quot;classic&quot;}\">\n\t\t\t\t\t<div class=\"e-con-inner\">\n\t\t\t\t\t<\/div>\n\t\t\t\t<\/div>\n\t\t<div class=\"elementor-element elementor-element-0dd49cf e-con-full e-flex e-con e-parent\" data-id=\"0dd49cf\" data-element_type=\"container\" data-e-type=\"container\" data-settings=\"{&quot;background_background&quot;:&quot;classic&quot;}\">\n\t\t<div class=\"elementor-element elementor-element-489c02d e-flex e-con-boxed e-con e-child\" data-id=\"489c02d\" data-element_type=\"container\" data-e-type=\"container\">\n\t\t\t\t\t<div class=\"e-con-inner\">\n\t\t<div class=\"elementor-element elementor-element-7f57167 e-flex e-con-boxed e-con e-child\" data-id=\"7f57167\" data-element_type=\"container\" data-e-type=\"container\">\n\t\t\t\t\t<div class=\"e-con-inner\">\n\t\t\t\t<div class=\"elementor-element elementor-element-290b123 elementor-widget elementor-widget-heading\" data-id=\"290b123\" data-element_type=\"widget\" data-e-type=\"widget\" data-widget_type=\"heading.default\">\n\t\t\t\t<div class=\"elementor-widget-container\">\n\t\t\t\t\t<h1 class=\"elementor-heading-title elementor-size-default\"><strong>En el amor siempre hay lugar para uno m\u00e1s<\/strong><\/h1>\t\t\t\t<\/div>\n\t\t\t\t<\/div>\n\t\t\t\t<div class=\"elementor-element elementor-element-bd0e61d elementor-widget elementor-widget-heading\" data-id=\"bd0e61d\" data-element_type=\"widget\" data-e-type=\"widget\" data-widget_type=\"heading.default\">\n\t\t\t\t<div class=\"elementor-widget-container\">\n\t\t\t\t\t<h2 class=\"elementor-heading-title elementor-size-default\">Promo Tridente 3x2 en Entrada General<\/h2>\t\t\t\t<\/div>\n\t\t\t\t<\/div>\n\t\t\t\t<div class=\"elementor-element elementor-element-59d8979 elementor-widget elementor-widget-text-editor\" data-id=\"59d8979\" data-element_type=\"widget\" data-e-type=\"widget\" data-widget_type=\"text-editor.default\">\n\t\t\t\t<div class=\"elementor-widget-container\">\n\t\t\t\t\t\t\t\t\t<div class=\"ql-block\" data-block-id=\"block-6a13a0ca-5482-4ff4-b96c-336b520b619f\"><div class=\"ql-block\" data-block-id=\"block-93840ac0-65e4-42cf-a79c-a3bf8c3409a8\"><div class=\"ql-block\" data-block-id=\"block-93840ac0-65e4-42cf-a79c-a3bf8c3409a8\"><div class=\"ql-block\" data-block-id=\"block-54c952ad-567f-414e-934f-ec51ed207900\"><p>Este San Valent\u00edn, comparte una experiencia inolvidable en Acuario Inbursa.<br \/>Compra 2 Entradas Generales y la 3\u00aa va por nuestra cuenta.<br \/>Porque el amor no se divide\u2026 se multiplica.<\/p><p>Ven con tu persona favorita, tu mejor amigo o tu plan perfecto y vivan juntos un recorrido lleno de magia marina, sorpresas y momentos que se quedan para siempre.<\/p><p><strong>Tu mal tercio entra gratis<\/strong> \ud83d\udc96<\/p><\/div><\/div><\/div><\/div>\t\t\t\t\t\t\t\t<\/div>\n\t\t\t\t<\/div>\n\t\t\t\t<div class=\"elementor-element elementor-element-0e522ee elementor-widget elementor-widget-heading\" data-id=\"0e522ee\" data-element_type=\"widget\" data-e-type=\"widget\" data-widget_type=\"heading.default\">\n\t\t\t\t<div class=\"elementor-widget-container\">\n\t\t\t\t\t<span class=\"elementor-heading-title elementor-size-default\">IMPORTANTE<\/span>\t\t\t\t<\/div>\n\t\t\t\t<\/div>\n\t\t\t\t<div class=\"elementor-element elementor-element-7851ad1 elementor-widget elementor-widget-text-editor\" data-id=\"7851ad1\" data-element_type=\"widget\" data-e-type=\"widget\" data-widget_type=\"text-editor.default\">\n\t\t\t\t<div class=\"elementor-widget-container\">\n\t\t\t\t\t\t\t\t\t<div class=\"ql-block\" data-block-id=\"block-6a13a0ca-5482-4ff4-b96c-336b520b619f\"><div class=\"ql-block\" data-block-id=\"block-93840ac0-65e4-42cf-a79c-a3bf8c3409a8\"><div class=\"ql-block\" data-block-id=\"block-93840ac0-65e4-42cf-a79c-a3bf8c3409a8\"><div class=\"ql-block\" data-block-id=\"block-54c952ad-567f-414e-934f-ec51ed207900\"><p><strong>Compra en l\u00ednea con 1 d\u00eda de anticipaci\u00f3n.<\/strong><br \/>Si deseas asistir el mismo d\u00eda, podr\u00e1s hacerlo pagando el remanente en taquilla conforme a la tarifa vigente.<\/p><\/div><\/div><\/div><\/div>\t\t\t\t\t\t\t\t<\/div>\n\t\t\t\t<\/div>\n\t\t\t\t\t<\/div>\n\t\t\t\t<\/div>\n\t\t<div class=\"elementor-element elementor-element-f3007a2 e-flex e-con-boxed e-con e-child\" data-id=\"f3007a2\" data-element_type=\"container\" data-e-type=\"container\">\n\t\t\t\t\t<div class=\"e-con-inner\">\n\t\t\t\t<div class=\"elementor-element elementor-element-ca5ddec elementor-widget elementor-widget-ucaddon_cover_flow_carousel\" data-id=\"ca5ddec\" data-element_type=\"widget\" data-e-type=\"widget\" data-widget_type=\"ucaddon_cover_flow_carousel.default\">\n\t\t\t\t<div class=\"elementor-widget-container\">\n\t\t\t\t\t<!-- start Coverflow Carousel -->\n\t\t<link id='uc_ac_assets_file_jquery_flipster_css_16350-css' href='https:\/\/webdev.acuarioinbursa.com.mx\/wp-content\/uploads\/ac_assets\/cover_flow_carousel\/jquery.flipster.css' type='text\/css' rel='stylesheet' >\n\n\t\t\t<style type=\"text\/css\">\/* widget: Coverflow Carousel *\/\n\n#uc_cover_flow_carousel_elementor_ca5ddec{\ndisplay: none;\n}\n#uc_cover_flow_carousel_elementor_ca5ddec .flipster__item img\n{\n  \n  display:block;\n  width:100%;\n}\n#uc_cover_flow_carousel_elementor_ca5ddec .flipster__item__content\n{\n  overflow:hidden;\n  position:relative;  \n  }\n\n#uc_cover_flow_carousel_elementor_ca5ddec .flipster__nav__item a\n{\n  z-index:1;\n}\n\n.ue-flip-item-title\n{\n  font-size:21px;\n}\n\n#uc_cover_flow_carousel_elementor_ca5ddec .ue-item-btn a\n{\n  text-decoration:none;\n  text-align:center;\n  transition:0.3s;\n}\n\n\n\n\n#uc_cover_flow_carousel_elementor_ca5ddec .flipster__button\n{\n  line-height:1em;\n  margin:0;\n}\n\n#uc_cover_flow_carousel_elementor_ca5ddec .ue-flip-item-icon\n{\n  line-height:1em;\n  display:inline-flex;\n  justify-content:center;\n  align-items:center;\n  \n}\n\n#uc_cover_flow_carousel_elementor_ca5ddec .ue-flip-item-icon svg\n{\n  height:1em;\n  width:1em;\n}\n\n#uc_cover_flow_carousel_elementor_ca5ddec .flipster__container, #uc_cover_flow_carousel_elementor_ca5ddec .flipster__item, #uc_cover_flow_carousel_elementor_ca5ddec .flipster__item__content\n{\n  transition:500ms;\n}\n\n#uc_cover_flow_carousel_elementor_ca5ddec .flipster__nav__link::after\n{\n  background-color:#141414;\n}\n\n#uc_cover_flow_carousel_elementor_ca5ddec .flipster__nav__item a\n{\n  color:#141414;\n}\n\n#uc_cover_flow_carousel_elementor_ca5ddec .flipster__nav__item--current>.flipster__nav__link\n{\n  color:#ffffff;\n}\n\n<\/style>\n\n\t\t\t<div class=\"ue-coverflow  \" id=\"uc_cover_flow_carousel_elementor_ca5ddec\"  >\n        <ul class=\"flip-items uc-items-wrapper\">\n            <li class=\"ue-coverflow-item\" data-flip-title=\"Familia interactivo\">\n\n  \n  \n  \n     <div class=\"ue-item-image\">\n   <a href=\"#\" >\n       \n          <img fetchpriority=\"high\" decoding=\"async\" src=\"https:\/\/images.acuarioinbursa.com.mx\/img\/2024\/09\/peces-combosnack-acuarioinbursa.jpg\" class=\"elementor-repeater-item-7c56048 ue-coverflow-image\"  src=\"https:\/\/images.acuarioinbursa.com.mx\/img\/2024\/09\/peces-combosnack-acuarioinbursa.jpg\" alt=\"peces-combosnack-acuarioinbursa\" width=\"364\" height=\"453\"> \n      \t   \n   <\/a>\n    <\/div>\n     \n  <\/li>\n<li class=\"ue-coverflow-item\" data-flip-title=\"Acuario interactivo\">\n\n  \n  \n  \n     <div class=\"ue-item-image\">\n   <a href=\"#\" >\n       \n          <img decoding=\"async\" src=\"https:\/\/images.acuarioinbursa.com.mx\/img\/2024\/09\/visita-combosnack-acuarioinbursa.jpg\" class=\"elementor-repeater-item-570fee7 ue-coverflow-image\"  src=\"https:\/\/images.acuarioinbursa.com.mx\/img\/2024\/09\/visita-combosnack-acuarioinbursa.jpg\" alt=\"visita-combosnack-acuarioinbursa\" width=\"364\" height=\"453\"> \n      \t   \n   <\/a>\n    <\/div>\n     \n  <\/li>\n<li class=\"ue-coverflow-item\" data-flip-title=\"tortuga bruce\">\n\n  \n  \n  \n     <div class=\"ue-item-image\">\n   <a href=\"#\" >\n       \n          <img decoding=\"async\" src=\"https:\/\/images.acuarioinbursa.com.mx\/img\/2024\/09\/Tortugabruce-combosnack-acuarioinbursa.jpg\" class=\"elementor-repeater-item-fab55a2 ue-coverflow-image\"  src=\"https:\/\/images.acuarioinbursa.com.mx\/img\/2024\/09\/Tortugabruce-combosnack-acuarioinbursa.jpg\" alt=\"Tortugabruce-combosnack-acuarioinbursa\" width=\"364\" height=\"453\"> \n      \t   \n   <\/a>\n    <\/div>\n     \n  <\/li>\n<li class=\"ue-coverflow-item\" data-flip-title=\"Expo monstruos\">\n\n  \n  \n  \n     <div class=\"ue-item-image\">\n   <a href=\"#\" >\n       \n          <img loading=\"lazy\" decoding=\"async\" src=\"https:\/\/images.acuarioinbursa.com.mx\/img\/2024\/09\/Expo-monstruos-combosnack-acuarioinbursa.jpg\" class=\"elementor-repeater-item-1784699 ue-coverflow-image\"  src=\"https:\/\/images.acuarioinbursa.com.mx\/img\/2024\/09\/Expo-monstruos-combosnack-acuarioinbursa.jpg\" alt=\"Expo-monstruos-combosnack-acuarioinbursa\" width=\"364\" height=\"453\"> \n      \t   \n   <\/a>\n    <\/div>\n     \n  <\/li>\n<li class=\"ue-coverflow-item\" data-flip-title=\"especies\">\n\n  \n  \n  \n     <div class=\"ue-item-image\">\n   <a href=\"#\" >\n       \n          <img loading=\"lazy\" decoding=\"async\" src=\"https:\/\/images.acuarioinbursa.com.mx\/img\/2024\/09\/geko-combosnack-acuarioinbursa.jpg\" class=\"elementor-repeater-item-42b772b ue-coverflow-image\"  src=\"https:\/\/images.acuarioinbursa.com.mx\/img\/2024\/09\/geko-combosnack-acuarioinbursa.jpg\" alt=\"geko-combosnack-acuarioinbursa\" width=\"364\" height=\"453\"> \n      \t   \n   <\/a>\n    <\/div>\n     \n  <\/li>\n\n        <\/ul>\n<\/div>\n\t\t\t<!-- end Coverflow Carousel -->\t\t\t\t<\/div>\n\t\t\t\t<\/div>\n\t\t\t\t\t<\/div>\n\t\t\t\t<\/div>\n\t\t\t\t\t<\/div>\n\t\t\t\t<\/div>\n\t\t<div class=\"elementor-element elementor-element-acb7c72 e-con-full e-flex e-con e-child\" data-id=\"acb7c72\" data-element_type=\"container\" data-e-type=\"container\" data-settings=\"{&quot;background_background&quot;:&quot;classic&quot;}\">\n\t\t<div class=\"elementor-element elementor-element-6cab661 e-flex e-con-boxed e-con e-child\" data-id=\"6cab661\" data-element_type=\"container\" data-e-type=\"container\">\n\t\t\t\t\t<div class=\"e-con-inner\">\n\t\t\t\t<div class=\"elementor-element elementor-element-8b71d49 elementor-widget elementor-widget-heading\" data-id=\"8b71d49\" data-element_type=\"widget\" data-e-type=\"widget\" data-widget_type=\"heading.default\">\n\t\t\t\t<div class=\"elementor-widget-container\">\n\t\t\t\t\t<h2 class=\"elementor-heading-title elementor-size-default\">la promoci\u00f3n es v\u00e1lida comprando con 24 horas de anticipaci\u00f3n<\/h2>\t\t\t\t<\/div>\n\t\t\t\t<\/div>\n\t\t\t\t<div class=\"elementor-element elementor-element-3a9871b elementor-widget elementor-widget-shortcode\" data-id=\"3a9871b\" data-element_type=\"widget\" data-e-type=\"widget\" data-widget_type=\"shortcode.default\">\n\t\t\t\t<div class=\"elementor-widget-container\">\n\t\t\t\t\t\t\t<div class=\"elementor-shortcode\"><input type=\"hidden\" id=\"vmg_plugin_id\" value=\"1\">\n<input type=\"hidden\" id=\"vmg_plugin_url\" value=\"plugin.venturae.com.mx\">\n<div  id=\"pluginContainer\" class=\"container\"><\/div>\n<link href=\"https:\/\/cdnjs.cloudflare.com\/ajax\/libs\/font-awesome\/5.10.2\/css\/all.min.css\" rel=\"stylesheet\">\n<script src=\"https:\/\/ajax.googleapis.com\/ajax\/libs\/jquery\/3.7.1\/jquery.min.js\"><\/script>\n<script>\n\tjQuery(document).ready(function($){\n\t\tvar vmg_plugin_id = $('#vmg_plugin_id').val();\n\t\tvar vmg_plugin_url = $('#vmg_plugin_url').val();\n\n\t\t$.getScript( `https:\/\/${vmg_plugin_url}\/js\/pluginscripts.js`, function(jd) {\n\t\t\t\"use strict\";\n\t\t\t$.pluginUrl = `https:\/\/${vmg_plugin_url}\/requesterv2.php`;\n\t\t\tvar params = {\n\t\t\t\t\t\t\t\t\t\t\t\t'promocode': \"ai3x2\",\n\t\t\t\t\t\t\t\t\t\t\t\t\t\t\t\t\t\t\t\t\t\t\t\t\t\t\t\t\t\t\t\t\t\t\t\t'plugin_id': \"1\",\n\t\t\t\t\t\t\t\t\t\t\t\t\t\t\t\t\t\t\t\t\t\t\t\t\t\t\t\t'user_language': \"es\",\n\t\t\t\t\t\t\t\t\t\t\t\t\t\t\t\t\n\t\t\t\t\n\t\t\t\t'plugin_id': vmg_plugin_id\n\t\t\t};\n\t\t\tconst urlParams = new URLSearchParams(window.location.search);\n\t\t\turlParams.forEach((value, key) => {\n\t\t\t\tparams[key] = value;\n\t\t\t});\n\t\t\t$.post($.pluginUrl,params,function(data, status){\n\t\t\t\tjQuery( \"#pluginContainer\" ).html(data);\n\t\t\t});\n\n\t\t});\n\n\t});\n<\/script><\/div>\n\t\t\t\t\t\t<\/div>\n\t\t\t\t<\/div>\n\t\t\t\t\t<\/div>\n\t\t\t\t<\/div>\n\t\t\t\t<\/div>\n\t\t<div class=\"elementor-element elementor-element-2466632 e-con-full e-flex e-con e-child\" data-id=\"2466632\" data-element_type=\"container\" data-e-type=\"container\" data-settings=\"{&quot;background_background&quot;:&quot;classic&quot;}\">\n\t\t<div class=\"elementor-element elementor-element-2b13466 e-flex e-con-boxed e-con e-child\" data-id=\"2b13466\" data-element_type=\"container\" data-e-type=\"container\">\n\t\t\t\t\t<div class=\"e-con-inner\">\n\t\t\t\t<div class=\"elementor-element elementor-element-0ffe26b elementor-invisible elementor-widget elementor-widget-n-accordion\" data-id=\"0ffe26b\" data-element_type=\"widget\" data-e-type=\"widget\" data-settings=\"{&quot;_animation&quot;:&quot;zoomInUp&quot;,&quot;default_state&quot;:&quot;expanded&quot;,&quot;max_items_expended&quot;:&quot;one&quot;,&quot;n_accordion_animation_duration&quot;:{&quot;unit&quot;:&quot;ms&quot;,&quot;size&quot;:400,&quot;sizes&quot;:[]}}\" data-widget_type=\"nested-accordion.default\">\n\t\t\t\t<div class=\"elementor-widget-container\">\n\t\t\t\t\t\t\t<div class=\"e-n-accordion\" aria-label=\"Accordion. Open links with Enter or Space, close with Escape, and navigate with Arrow Keys\">\n\t\t\t\t\t\t<details id=\"e-n-accordion-item-1670\" class=\"e-n-accordion-item\" open>\n\t\t\t\t<summary class=\"e-n-accordion-item-title\" data-accordion-index=\"1\" tabindex=\"0\" aria-expanded=\"true\" aria-controls=\"e-n-accordion-item-1670\" >\n\t\t\t\t\t<span class='e-n-accordion-item-title-header'><div class=\"e-n-accordion-item-title-text\"> T\u00e9rminos y Condiciones Promoci\u00f3n 3\u00d72 (Entrada General) <\/div><\/span>\n\t\t\t\t\t\t\t<span class='e-n-accordion-item-title-icon'>\n\t\t\t<span class='e-opened' ><i aria-hidden=\"true\" class=\"fas fa-minus\"><\/i><\/span>\n\t\t\t<span class='e-closed'><i aria-hidden=\"true\" class=\"fas fa-plus\"><\/i><\/span>\n\t\t<\/span>\n\n\t\t\t\t\t\t<\/summary>\n\t\t\t\t<div role=\"region\" aria-labelledby=\"e-n-accordion-item-1670\" class=\"elementor-element elementor-element-b1b088c e-con-full e-flex e-con e-child\" data-id=\"b1b088c\" data-element_type=\"container\" data-e-type=\"container\" data-settings=\"{&quot;background_background&quot;:&quot;classic&quot;}\">\n\t\t\t\t<div class=\"elementor-element elementor-element-70fa619 elementor-widget elementor-widget-text-editor\" data-id=\"70fa619\" data-element_type=\"widget\" data-e-type=\"widget\" data-widget_type=\"text-editor.default\">\n\t\t\t\t<div class=\"elementor-widget-container\">\n\t\t\t\t\t\t\t\t\t<ul><li><p>Precio especial vigente \u00fanicamente para compras realizadas del <strong>01 al 28 de febrero de 2026.<\/strong><\/p><\/li><li><p>Promoci\u00f3n v\u00e1lida exclusivamente para compras en l\u00ednea.<\/p><\/li><li><p>La compra deber\u00e1 realizarse con al menos 1 (un) d\u00eda de anticipaci\u00f3n a la fecha de visita. No aplica para uso el mismo d\u00eda.<\/p><\/li><li><p>Si el cliente desea ingresar el mismo d\u00eda, la promoci\u00f3n no ser\u00e1 v\u00e1lida y deber\u00e1 pagar la diferencia en taquilla conforme a la tarifa vigente.<\/p><\/li><li><p>V\u00e1lido de lunes a domingo, sujeto a disponibilidad y horarios del venue.<\/p><\/li><li><p>El cliente pagar\u00e1 3 accesos a precio especial, lo cual ser\u00e1 equivalente a un 3\u00d72 (un acceso sin costo dentro del paquete)<\/p><\/li><li><p>L\u00edmite por compra: M\u00e1ximo 12 entradas por reservaci\u00f3n, equivalente a 4 promociones 3\u00d72.<\/p><\/li><li><p>Precio especial v\u00e1lido \u00fanicamente para Entrada\/Expedici\u00f3n General (mismo costo para ni\u00f1os y adultos).<\/p><\/li><li><p>Menores de 3 a\u00f1os no pagan acceso general. A partir de los 3 a\u00f1os cumplidos pagan acceso.<\/p><\/li><li><p>No aplica reembolso y no hay cambios de fecha u horario en compras con precio especial.<\/p><\/li><li><p>No acumulable \/ exclusiones: No acumulable con otras promociones o descuentos. No v\u00e1lido para grupos escolares, eventos privados o preventa empresarial.<\/p><\/li><li><p>Sujeto a disponibilidad; el recinto se reserva el derecho de limitar el acceso por capacidad y operaci\u00f3n.<\/p><\/li><\/ul>\t\t\t\t\t\t\t\t<\/div>\n\t\t\t\t<\/div>\n\t\t\t\t<\/div>\n\t\t\t\t\t<\/details>\n\t\t\t\t\t<\/div>\n\t\t\t\t\t\t<\/div>\n\t\t\t\t<\/div>\n\t\t\t\t\t<\/div>\n\t\t\t\t<\/div>\n\t\t\t\t<\/div>\n\t\t\t\t<\/div>\n\t\t\t\t<\/div>\n\t\t","protected":false},"excerpt":{"rendered":"<p>En el amor siempre hay lugar para uno m\u00e1s Promo Tridente 3&#215;2 en Entrada General Este San Valent\u00edn, comparte una experiencia inolvidable en Acuario Inbursa.Compra 2 Entradas Generales y la 3\u00aa va por nuestra cuenta.Porque el amor no se divide\u2026 se multiplica. Ven con tu persona favorita, tu mejor amigo o tu plan perfecto y [&hellip;]<\/p>\n","protected":false},"author":12,"featured_media":21935,"parent":0,"menu_order":0,"comment_status":"closed","ping_status":"closed","template":"","meta":{"footnotes":""},"class_list":["post-13023","page","type-page","status-publish","has-post-thumbnail","hentry"],"_links":{"self":[{"href":"https:\/\/webdev.acuarioinbursa.com.mx\/en\/wp-json\/wp\/v2\/pages\/13023","targetHints":{"allow":["GET"]}}],"collection":[{"href":"https:\/\/webdev.acuarioinbursa.com.mx\/en\/wp-json\/wp\/v2\/pages"}],"about":[{"href":"https:\/\/webdev.acuarioinbursa.com.mx\/en\/wp-json\/wp\/v2\/types\/page"}],"author":[{"embeddable":true,"href":"https:\/\/webdev.acuarioinbursa.com.mx\/en\/wp-json\/wp\/v2\/users\/12"}],"replies":[{"embeddable":true,"href":"https:\/\/webdev.acuarioinbursa.com.mx\/en\/wp-json\/wp\/v2\/comments?post=13023"}],"version-history":[{"count":122,"href":"https:\/\/webdev.acuarioinbursa.com.mx\/en\/wp-json\/wp\/v2\/pages\/13023\/revisions"}],"predecessor-version":[{"id":22091,"href":"https:\/\/webdev.acuarioinbursa.com.mx\/en\/wp-json\/wp\/v2\/pages\/13023\/revisions\/22091"}],"wp:featuredmedia":[{"embeddable":true,"href":"https:\/\/webdev.acuarioinbursa.com.mx\/en\/wp-json\/wp\/v2\/media\/21935"}],"wp:attachment":[{"href":"https:\/\/webdev.acuarioinbursa.com.mx\/en\/wp-json\/wp\/v2\/media?parent=13023"}],"curies":[{"name":"wp","href":"https:\/\/api.w.org\/{rel}","templated":true}]}}