{"id":13063,"date":"2025-01-14T16:16:34","date_gmt":"2025-01-14T16:16:34","guid":{"rendered":"https:\/\/webdev.acuarioinbursa.com.mx\/?page_id=13063"},"modified":"2025-05-20T17:23:26","modified_gmt":"2025-05-20T17:23:26","slug":"venta-corporativa","status":"publish","type":"page","link":"https:\/\/webdev.acuarioinbursa.com.mx\/en\/venta-corporativa\/","title":{"rendered":"Venta-corporativa"},"content":{"rendered":"\t\t<div data-elementor-type=\"wp-page\" data-elementor-id=\"13063\" class=\"elementor elementor-13063\" data-elementor-post-type=\"page\">\n\t\t\t\t<a class=\"elementor-element elementor-element-b9efa5e e-con-full elementor-hidden-mobile e-flex e-con e-parent\" data-id=\"b9efa5e\" data-element_type=\"container\" data-e-type=\"container\" href=\"#booking\">\n\t\t\t\t<div class=\"elementor-element elementor-element-5a9ddcb elementor--h-position-center elementor--v-position-middle elementor-arrows-position-inside elementor-widget elementor-widget-slides\" data-id=\"5a9ddcb\" data-element_type=\"widget\" data-e-type=\"widget\" data-settings=\"{&quot;navigation&quot;:&quot;arrows&quot;,&quot;autoplay&quot;:&quot;yes&quot;,&quot;pause_on_hover&quot;:&quot;yes&quot;,&quot;pause_on_interaction&quot;:&quot;yes&quot;,&quot;autoplay_speed&quot;:5000,&quot;infinite&quot;:&quot;yes&quot;,&quot;transition&quot;:&quot;slide&quot;,&quot;transition_speed&quot;:500}\" data-widget_type=\"slides.default\">\n\t\t\t\t<div class=\"elementor-widget-container\">\n\t\t\t\t\t\t\t\t\t<div class=\"elementor-swiper\">\n\t\t\t\t\t<div class=\"elementor-slides-wrapper elementor-main-swiper swiper\" role=\"region\" aria-roledescription=\"carousel\" aria-label=\"Slides\" dir=\"ltr\" data-animation=\"fadeInUp\">\n\t\t\t\t<div class=\"swiper-wrapper elementor-slides\">\n\t\t\t\t\t\t\t\t\t\t<div class=\"elementor-repeater-item-af89b31 swiper-slide\" role=\"group\" aria-roledescription=\"slide\"><div class=\"swiper-slide-bg\" role=\"img\"><\/div><div class=\"swiper-slide-inner\" ><div class=\"swiper-slide-contents\"><\/div><\/div><\/div>\t\t\t\t<\/div>\n\t\t\t\t\t\t\t<\/div>\n\t\t\t\t<\/div>\n\t\t\t\t\t\t\t\t<\/div>\n\t\t\t\t<\/div>\n\t\t\t\t<\/a>\n\t\t<a class=\"elementor-element elementor-element-5e1d4d2 e-con-full elementor-hidden-desktop elementor-hidden-tablet e-flex e-con e-parent\" data-id=\"5e1d4d2\" data-element_type=\"container\" data-e-type=\"container\" href=\"#booking\">\n\t\t\t\t<div class=\"elementor-element elementor-element-badf313 elementor--h-position-center elementor--v-position-middle elementor-arrows-position-inside elementor-widget elementor-widget-slides\" data-id=\"badf313\" data-element_type=\"widget\" data-e-type=\"widget\" data-settings=\"{&quot;navigation&quot;:&quot;arrows&quot;,&quot;autoplay&quot;:&quot;yes&quot;,&quot;pause_on_hover&quot;:&quot;yes&quot;,&quot;pause_on_interaction&quot;:&quot;yes&quot;,&quot;autoplay_speed&quot;:5000,&quot;infinite&quot;:&quot;yes&quot;,&quot;transition&quot;:&quot;slide&quot;,&quot;transition_speed&quot;:500}\" data-widget_type=\"slides.default\">\n\t\t\t\t<div class=\"elementor-widget-container\">\n\t\t\t\t\t\t\t\t\t<div class=\"elementor-swiper\">\n\t\t\t\t\t<div class=\"elementor-slides-wrapper elementor-main-swiper swiper\" role=\"region\" aria-roledescription=\"carousel\" aria-label=\"Slides\" dir=\"ltr\" data-animation=\"fadeInUp\">\n\t\t\t\t<div class=\"swiper-wrapper elementor-slides\">\n\t\t\t\t\t\t\t\t\t\t<div class=\"elementor-repeater-item-af89b31 swiper-slide\" role=\"group\" aria-roledescription=\"slide\"><div class=\"swiper-slide-bg\" role=\"img\"><\/div><div class=\"swiper-slide-inner\" ><div class=\"swiper-slide-contents\"><\/div><\/div><\/div>\t\t\t\t<\/div>\n\t\t\t\t\t\t\t<\/div>\n\t\t\t\t<\/div>\n\t\t\t\t\t\t\t\t<\/div>\n\t\t\t\t<\/div>\n\t\t\t\t<\/a>\n\t\t<div class=\"elementor-element elementor-element-9817fbe e-con-full e-flex e-con e-parent\" data-id=\"9817fbe\" data-element_type=\"container\" data-e-type=\"container\" data-settings=\"{&quot;background_background&quot;:&quot;classic&quot;}\">\n\t\t<div class=\"elementor-element elementor-element-970bcbb e-flex e-con-boxed e-con e-child\" data-id=\"970bcbb\" data-element_type=\"container\" data-e-type=\"container\">\n\t\t\t\t\t<div class=\"e-con-inner\">\n\t\t<div class=\"elementor-element elementor-element-bed5596 e-flex e-con-boxed e-con e-child\" data-id=\"bed5596\" data-element_type=\"container\" data-e-type=\"container\">\n\t\t\t\t\t<div class=\"e-con-inner\">\n\t\t\t\t<div class=\"elementor-element elementor-element-63add09 elementor-widget elementor-widget-heading\" data-id=\"63add09\" data-element_type=\"widget\" data-e-type=\"widget\" data-widget_type=\"heading.default\">\n\t\t\t\t<div class=\"elementor-widget-container\">\n\t\t\t\t\t<h1 class=\"elementor-heading-title elementor-size-default\">\u00a1Venta corporativa!<\/h1>\t\t\t\t<\/div>\n\t\t\t\t<\/div>\n\t\t\t\t<div class=\"elementor-element elementor-element-2b57d2a elementor-widget elementor-widget-heading\" data-id=\"2b57d2a\" data-element_type=\"widget\" data-e-type=\"widget\" data-widget_type=\"heading.default\">\n\t\t\t\t<div class=\"elementor-widget-container\">\n\t\t\t\t\t<h2 class=\"elementor-heading-title elementor-size-default\">\u00a1Transforma la experiencia de tus colaboradores!<\/h2>\t\t\t\t<\/div>\n\t\t\t\t<\/div>\n\t\t\t\t<div class=\"elementor-element elementor-element-0f2731a elementor-widget elementor-widget-text-editor\" data-id=\"0f2731a\" data-element_type=\"widget\" data-e-type=\"widget\" data-widget_type=\"text-editor.default\">\n\t\t\t\t<div class=\"elementor-widget-container\">\n\t\t\t\t\t\t\t\t\t<p>En Acuario Inbursa, entendemos lo crucial que es valorar y resaltar el esfuerzo de tu equipo. Por eso, hemos creado un \u00e1rea exclusiva dedicada a sindicatos, empresas, asociaciones civiles, instituciones de gobierno, asociaciones religiosas y clubes deportivos.<\/p><p>Imagina ofrecer a tus colaboradores y sus familias una experiencia inolvidable, explorando las maravillas del mundo marino. Con m\u00e1s de 350 especies diferentes, nuestros programas est\u00e1n dise\u00f1ados para crear momentos de conexi\u00f3n y aprendizaje, fortaleciendo la uni\u00f3n y el bienestar en su entorno laboral.<\/p><p><span style=\"color: #0084f8;\"><strong>Ventas corporativaste ofrece:<\/strong><\/span><\/p><ul><li style=\"font-weight: 400;\" aria-level=\"1\"><span style=\"font-weight: 400;\">Venta de boletos en sus instalaciones con precio preferente.\u00a0<\/span><\/li><li><span style=\"font-weight: 400;\">Descuentos con credencial en taquilla.<\/span><\/li><li style=\"font-weight: 400;\" aria-level=\"1\"><span style=\"font-weight: 400;\">Precios especiales en visitas como grupo empresarial.<\/span><\/li><li style=\"font-weight: 400;\" aria-level=\"1\"><span style=\"font-weight: 400;\">Venta de boletos para festejo de d\u00eda de la familia, d\u00eda del ni\u00f1o, d\u00eda de la madre, premiaci\u00f3n de colaboradores o cualquier celebraci\u00f3n.\u00a0<\/span><\/li><li style=\"font-weight: 400;\" aria-level=\"1\"><span style=\"font-weight: 400;\">Venta de boletos en l\u00ednea.<\/span><\/li><\/ul>\t\t\t\t\t\t\t\t<\/div>\n\t\t\t\t<\/div>\n\t\t\t\t\t<\/div>\n\t\t\t\t<\/div>\n\t\t<div class=\"elementor-element elementor-element-2ff8ac8 e-flex e-con-boxed e-con e-child\" data-id=\"2ff8ac8\" data-element_type=\"container\" data-e-type=\"container\">\n\t\t\t\t\t<div class=\"e-con-inner\">\n\t\t\t\t<div class=\"elementor-element elementor-element-045c244 elementor-widget elementor-widget-ucaddon_cover_flow_carousel\" data-id=\"045c244\" data-element_type=\"widget\" data-e-type=\"widget\" data-widget_type=\"ucaddon_cover_flow_carousel.default\">\n\t\t\t\t<div class=\"elementor-widget-container\">\n\t\t\t\t\t<!-- start Coverflow Carousel -->\n\t\t<link id='uc_ac_assets_file_jquery_flipster_css_16350-css' href='https:\/\/webdev.acuarioinbursa.com.mx\/wp-content\/uploads\/ac_assets\/cover_flow_carousel\/jquery.flipster.css' type='text\/css' rel='stylesheet' >\n\n\t\t\t<style type=\"text\/css\">\/* widget: Coverflow Carousel *\/\n\n#uc_cover_flow_carousel_elementor_045c244{\ndisplay: none;\n}\n#uc_cover_flow_carousel_elementor_045c244 .flipster__item img\n{\n  \n  display:block;\n  width:100%;\n}\n#uc_cover_flow_carousel_elementor_045c244 .flipster__item__content\n{\n  overflow:hidden;\n  position:relative;  \n  }\n\n#uc_cover_flow_carousel_elementor_045c244 .flipster__nav__item a\n{\n  z-index:1;\n}\n\n.ue-flip-item-title\n{\n  font-size:21px;\n}\n\n#uc_cover_flow_carousel_elementor_045c244 .ue-item-btn a\n{\n  text-decoration:none;\n  text-align:center;\n  transition:0.3s;\n}\n\n\n\n\n#uc_cover_flow_carousel_elementor_045c244 .flipster__button\n{\n  line-height:1em;\n  margin:0;\n}\n\n#uc_cover_flow_carousel_elementor_045c244 .ue-flip-item-icon\n{\n  line-height:1em;\n  display:inline-flex;\n  justify-content:center;\n  align-items:center;\n  \n}\n\n#uc_cover_flow_carousel_elementor_045c244 .ue-flip-item-icon svg\n{\n  height:1em;\n  width:1em;\n}\n\n#uc_cover_flow_carousel_elementor_045c244 .flipster__container, #uc_cover_flow_carousel_elementor_045c244 .flipster__item, #uc_cover_flow_carousel_elementor_045c244 .flipster__item__content\n{\n  transition:500ms;\n}\n\n#uc_cover_flow_carousel_elementor_045c244 .flipster__nav__link::after\n{\n  background-color:#141414;\n}\n\n#uc_cover_flow_carousel_elementor_045c244 .flipster__nav__item a\n{\n  color:#141414;\n}\n\n#uc_cover_flow_carousel_elementor_045c244 .flipster__nav__item--current>.flipster__nav__link\n{\n  color:#ffffff;\n}\n\n<\/style>\n\n\t\t\t<div class=\"ue-coverflow  \" id=\"uc_cover_flow_carousel_elementor_045c244\"  >\n        <ul class=\"flip-items uc-items-wrapper\">\n            <li class=\"ue-coverflow-item\" data-flip-title=\"Fast Pass\">\n\n  \n  \n  \n     <div class=\"ue-item-image\">\n   <a href=\"#\" >\n       \n          <img fetchpriority=\"high\" decoding=\"async\" src=\"https:\/\/images.acuarioinbursa.com.mx\/img\/2023\/11\/FAST-PASS1.png\" class=\"elementor-repeater-item-7c56048 ue-coverflow-image\"  src=\"https:\/\/images.acuarioinbursa.com.mx\/img\/2023\/11\/FAST-PASS1.png\" alt=\"FAST-PASS1\" width=\"364\" height=\"453\"> \n      \t   \n   <\/a>\n    <\/div>\n     \n  <\/li>\n<li class=\"ue-coverflow-item\" data-flip-title=\"Fast Pass\">\n\n  \n  \n  \n     <div class=\"ue-item-image\">\n   <a href=\"#\" >\n       \n          <img decoding=\"async\" src=\"https:\/\/images.acuarioinbursa.com.mx\/img\/2023\/11\/FAST-PASS3.png\" class=\"elementor-repeater-item-307377b ue-coverflow-image\"  src=\"https:\/\/images.acuarioinbursa.com.mx\/img\/2023\/11\/FAST-PASS3.png\" alt=\"FAST-PASS3\" width=\"364\" height=\"453\"> \n      \t   \n   <\/a>\n    <\/div>\n     \n  <\/li>\n<li class=\"ue-coverflow-item\" data-flip-title=\"Fast Pass\">\n\n  \n  \n  \n     <div class=\"ue-item-image\">\n   <a href=\"#\" >\n       \n          <img decoding=\"async\" src=\"https:\/\/images.acuarioinbursa.com.mx\/img\/2023\/11\/FAST-PASS2.png\" class=\"elementor-repeater-item-a3f9870 ue-coverflow-image\"  src=\"https:\/\/images.acuarioinbursa.com.mx\/img\/2023\/11\/FAST-PASS2.png\" alt=\"FAST-PASS2\" width=\"364\" height=\"453\"> \n      \t   \n   <\/a>\n    <\/div>\n     \n  <\/li>\n\n        <\/ul>\n<\/div>\n\t\t\t<!-- end Coverflow Carousel -->\t\t\t\t<\/div>\n\t\t\t\t<\/div>\n\t\t\t\t\t<\/div>\n\t\t\t\t<\/div>\n\t\t\t\t\t<\/div>\n\t\t\t\t<\/div>\n\t\t<div class=\"elementor-element elementor-element-7238a4f e-flex e-con-boxed e-con e-child\" data-id=\"7238a4f\" data-element_type=\"container\" data-e-type=\"container\" data-settings=\"{&quot;background_background&quot;:&quot;classic&quot;}\">\n\t\t\t\t\t<div class=\"e-con-inner\">\n\t\t\t\t<div class=\"elementor-element elementor-element-6e49f7e elementor-widget elementor-widget-text-editor\" data-id=\"6e49f7e\" data-element_type=\"widget\" data-e-type=\"widget\" data-widget_type=\"text-editor.default\">\n\t\t\t\t<div class=\"elementor-widget-container\">\n\t\t\t\t\t\t\t\t\t<p><b>D\u00c9JANOS TUS DATOS PARA MAYOR INFORMACI\u00d3N<\/b><\/p>\t\t\t\t\t\t\t\t<\/div>\n\t\t\t\t<\/div>\n\t\t\t\t\t<\/div>\n\t\t\t\t<\/div>\n\t\t<div class=\"elementor-element elementor-element-09900c4 e-flex e-con-boxed e-con e-child\" data-id=\"09900c4\" data-element_type=\"container\" data-e-type=\"container\" data-settings=\"{&quot;background_background&quot;:&quot;classic&quot;}\">\n\t\t\t\t\t<div class=\"e-con-inner\">\n\t\t\t\t<div class=\"elementor-element elementor-element-ebc4caf elementor-button-align-stretch elementor-widget elementor-widget-form\" data-id=\"ebc4caf\" data-element_type=\"widget\" data-e-type=\"widget\" data-settings=\"{&quot;step_next_label&quot;:&quot;Next&quot;,&quot;step_previous_label&quot;:&quot;Previous&quot;,&quot;button_width&quot;:&quot;100&quot;,&quot;step_type&quot;:&quot;number_text&quot;,&quot;step_icon_shape&quot;:&quot;circle&quot;}\" data-widget_type=\"form.default\">\n\t\t\t\t<div class=\"elementor-widget-container\">\n\t\t\t\t\t\t\t<form class=\"elementor-form\" method=\"post\" name=\"New Form\">\n\t\t\t<input type=\"hidden\" name=\"post_id\" value=\"13063\"\/>\n\t\t\t<input type=\"hidden\" name=\"form_id\" value=\"ebc4caf\"\/>\n\t\t\t<input type=\"hidden\" name=\"referer_title\" value=\"Venta-corporativa - Acuario Inbursa\" \/>\n\n\t\t\t\t\t\t\t<input type=\"hidden\" name=\"queried_id\" value=\"13063\"\/>\n\t\t\t\n\t\t\t<div class=\"elementor-form-fields-wrapper elementor-labels-above\">\n\t\t\t\t\t\t\t\t<div class=\"elementor-field-type-text elementor-field-group elementor-column elementor-field-group-name elementor-col-100\">\n\t\t\t\t\t\t\t\t\t\t\t\t<label for=\"form-field-name\" class=\"elementor-field-label\">\n\t\t\t\t\t\t\t\tNombre Empresa\t\t\t\t\t\t\t<\/label>\n\t\t\t\t\t\t\t\t\t\t\t\t\t\t<input size=\"1\" type=\"text\" name=\"form_fields[name]\" id=\"form-field-name\" class=\"elementor-field elementor-size-md  elementor-field-textual\" placeholder=\"Nombre\">\n\t\t\t\t\t\t\t\t\t\t\t<\/div>\n\t\t\t\t\t\t\t\t<div class=\"elementor-field-type-text elementor-field-group elementor-column elementor-field-group-field_fcc1bb6 elementor-col-100\">\n\t\t\t\t\t\t\t\t\t\t\t\t<label for=\"form-field-field_fcc1bb6\" class=\"elementor-field-label\">\n\t\t\t\t\t\t\t\tNombre contacto\t\t\t\t\t\t\t<\/label>\n\t\t\t\t\t\t\t\t\t\t\t\t\t\t<input size=\"1\" type=\"text\" name=\"form_fields[field_fcc1bb6]\" id=\"form-field-field_fcc1bb6\" class=\"elementor-field elementor-size-md  elementor-field-textual\" placeholder=\"Nombre\">\n\t\t\t\t\t\t\t\t\t\t\t<\/div>\n\t\t\t\t\t\t\t\t<div class=\"elementor-field-type-text elementor-field-group elementor-column elementor-field-group-field_afbf2e1 elementor-col-100\">\n\t\t\t\t\t\t\t\t\t\t\t\t<label for=\"form-field-field_afbf2e1\" class=\"elementor-field-label\">\n\t\t\t\t\t\t\t\tTel\u00e9fono\t\t\t\t\t\t\t<\/label>\n\t\t\t\t\t\t\t\t\t\t\t\t\t\t<input size=\"1\" type=\"text\" name=\"form_fields[field_afbf2e1]\" id=\"form-field-field_afbf2e1\" class=\"elementor-field elementor-size-md  elementor-field-textual\" placeholder=\"N\u00famero de tel\u00e9fono\">\n\t\t\t\t\t\t\t\t\t\t\t<\/div>\n\t\t\t\t\t\t\t\t<div class=\"elementor-field-type-email elementor-field-group elementor-column elementor-field-group-email elementor-col-100 elementor-field-required\">\n\t\t\t\t\t\t\t\t\t\t\t\t<label for=\"form-field-email\" class=\"elementor-field-label\">\n\t\t\t\t\t\t\t\tCorreo Electr\u00f3nico\t\t\t\t\t\t\t<\/label>\n\t\t\t\t\t\t\t\t\t\t\t\t\t\t<input size=\"1\" type=\"email\" name=\"form_fields[email]\" id=\"form-field-email\" class=\"elementor-field elementor-size-md  elementor-field-textual\" placeholder=\"Email\" required=\"required\">\n\t\t\t\t\t\t\t\t\t\t\t<\/div>\n\t\t\t\t\t\t\t\t<div class=\"elementor-field-group elementor-column elementor-field-type-submit elementor-col-100 e-form__buttons\">\n\t\t\t\t\t<button class=\"elementor-button elementor-size-sm\" type=\"submit\">\n\t\t\t\t\t\t<span class=\"elementor-button-content-wrapper\">\n\t\t\t\t\t\t\t\t\t\t\t\t\t\t\t\t\t\t\t\t\t\t<span class=\"elementor-button-text\">Enviar<\/span>\n\t\t\t\t\t\t\t\t\t\t\t\t\t<\/span>\n\t\t\t\t\t<\/button>\n\t\t\t\t<\/div>\n\t\t\t<\/div>\n\t\t<\/form>\n\t\t\t\t\t\t<\/div>\n\t\t\t\t<\/div>\n\t\t\t\t\t<\/div>\n\t\t\t\t<\/div>\n\t\t\t\t<\/div>\n\t\t<div class=\"elementor-element elementor-element-2c6cbb4 e-flex e-con-boxed e-con e-parent\" data-id=\"2c6cbb4\" data-element_type=\"container\" data-e-type=\"container\" data-settings=\"{&quot;background_background&quot;:&quot;classic&quot;}\">\n\t\t\t\t\t<div class=\"e-con-inner\">\n\t\t\t\t<div class=\"elementor-element elementor-element-24430dd elementor-widget elementor-widget-text-editor\" data-id=\"24430dd\" data-element_type=\"widget\" data-e-type=\"widget\" data-widget_type=\"text-editor.default\">\n\t\t\t\t<div class=\"elementor-widget-container\">\n\t\t\t\t\t\t\t\t\t<p><b>O ENVIA UN CORREO A: <a href=\"mailto:ddelacruz@acuarioinbursa.com.mx\">ddelacruz@acuarioinbursa.com.mx<\/a><\/b><\/p>\t\t\t\t\t\t\t\t<\/div>\n\t\t\t\t<\/div>\n\t\t\t\t<div class=\"elementor-element elementor-element-2b1647f elementor-widget elementor-widget-spacer\" data-id=\"2b1647f\" data-element_type=\"widget\" data-e-type=\"widget\" data-widget_type=\"spacer.default\">\n\t\t\t\t<div class=\"elementor-widget-container\">\n\t\t\t\t\t\t\t<div class=\"elementor-spacer\">\n\t\t\t<div class=\"elementor-spacer-inner\"><\/div>\n\t\t<\/div>\n\t\t\t\t\t\t<\/div>\n\t\t\t\t<\/div>\n\t\t\t\t\t<\/div>\n\t\t\t\t<\/div>\n\t\t\t\t<\/div>\n\t\t","protected":false},"excerpt":{"rendered":"<p>\u00a1Venta corporativa! \u00a1Transforma la experiencia de tus colaboradores! En Acuario Inbursa, entendemos lo crucial que es valorar y resaltar el esfuerzo de tu equipo. Por eso, hemos creado un \u00e1rea exclusiva dedicada a sindicatos, empresas, asociaciones civiles, instituciones de gobierno, asociaciones religiosas y clubes deportivos. Imagina ofrecer a tus colaboradores y sus familias una experiencia [&hellip;]<\/p>\n","protected":false},"author":12,"featured_media":0,"parent":0,"menu_order":0,"comment_status":"closed","ping_status":"closed","template":"","meta":{"footnotes":""},"class_list":["post-13063","page","type-page","status-publish","hentry"],"_links":{"self":[{"href":"https:\/\/webdev.acuarioinbursa.com.mx\/en\/wp-json\/wp\/v2\/pages\/13063","targetHints":{"allow":["GET"]}}],"collection":[{"href":"https:\/\/webdev.acuarioinbursa.com.mx\/en\/wp-json\/wp\/v2\/pages"}],"about":[{"href":"https:\/\/webdev.acuarioinbursa.com.mx\/en\/wp-json\/wp\/v2\/types\/page"}],"author":[{"embeddable":true,"href":"https:\/\/webdev.acuarioinbursa.com.mx\/en\/wp-json\/wp\/v2\/users\/12"}],"replies":[{"embeddable":true,"href":"https:\/\/webdev.acuarioinbursa.com.mx\/en\/wp-json\/wp\/v2\/comments?post=13063"}],"version-history":[{"count":115,"href":"https:\/\/webdev.acuarioinbursa.com.mx\/en\/wp-json\/wp\/v2\/pages\/13063\/revisions"}],"predecessor-version":[{"id":17543,"href":"https:\/\/webdev.acuarioinbursa.com.mx\/en\/wp-json\/wp\/v2\/pages\/13063\/revisions\/17543"}],"wp:attachment":[{"href":"https:\/\/webdev.acuarioinbursa.com.mx\/en\/wp-json\/wp\/v2\/media?parent=13063"}],"curies":[{"name":"wp","href":"https:\/\/api.w.org\/{rel}","templated":true}]}}