{"id":19577,"date":"2025-07-25T19:58:00","date_gmt":"2025-07-25T19:58:00","guid":{"rendered":"https:\/\/webdev.acuarioinbursa.com.mx\/?page_id=19577"},"modified":"2026-02-03T14:21:40","modified_gmt":"2026-02-03T14:21:40","slug":"paquete-familiar","status":"publish","type":"page","link":"https:\/\/webdev.acuarioinbursa.com.mx\/en\/paquete-familiar\/","title":{"rendered":"Paquete Familiar"},"content":{"rendered":"\t\t<div data-elementor-type=\"wp-page\" data-elementor-id=\"19577\" class=\"elementor elementor-19577\" data-elementor-post-type=\"page\">\n\t\t\t\t<div class=\"elementor-element elementor-element-28f5f96 e-con-full e-flex e-con e-parent\" data-id=\"28f5f96\" data-element_type=\"container\" data-e-type=\"container\">\n\t\t\t\t<div class=\"elementor-element elementor-element-67eb0ea elementor-hidden-mobile elementor-widget elementor-widget-image\" data-id=\"67eb0ea\" data-element_type=\"widget\" data-e-type=\"widget\" data-widget_type=\"image.default\">\n\t\t\t\t<div class=\"elementor-widget-container\">\n\t\t\t\t\t\t\t\t\t\t\t\t\t\t\t<img fetchpriority=\"high\" decoding=\"async\" width=\"2561\" height=\"1200\" src=\"https:\/\/images.acuarioinbursa.com.mx\/img\/2025\/11\/PAQUETE-FAMILIAR-ACAURIOINBURSA-DESK25.jpg\" class=\"attachment-full size-full wp-image-20838\" alt=\"\" srcset=\"https:\/\/images.acuarioinbursa.com.mx\/img\/2025\/11\/PAQUETE-FAMILIAR-ACAURIOINBURSA-DESK25-300x200.jpg 300w, https:\/\/images.acuarioinbursa.com.mx\/img\/2025\/11\/PAQUETE-FAMILIAR-ACAURIOINBURSA-DESK25-1024x480.jpg 1024w, https:\/\/images.acuarioinbursa.com.mx\/img\/2025\/11\/PAQUETE-FAMILIAR-ACAURIOINBURSA-DESK25-768x360.jpg 768w, https:\/\/images.acuarioinbursa.com.mx\/img\/2025\/11\/PAQUETE-FAMILIAR-ACAURIOINBURSA-DESK25-1536x720.jpg 1536w, https:\/\/images.acuarioinbursa.com.mx\/img\/2025\/11\/PAQUETE-FAMILIAR-ACAURIOINBURSA-DESK25-2048x960.jpg 2048w, https:\/\/images.acuarioinbursa.com.mx\/img\/2025\/11\/PAQUETE-FAMILIAR-ACAURIOINBURSA-DESK25.jpg 2561w\" sizes=\"(max-width: 2561px) 100vw, 2561px\" \/>\t\t\t\t\t\t\t\t\t\t\t\t\t\t\t<\/div>\n\t\t\t\t<\/div>\n\t\t\t\t<div class=\"elementor-element elementor-element-4b60420 elementor-hidden-desktop elementor-hidden-tablet elementor-widget elementor-widget-image\" data-id=\"4b60420\" data-element_type=\"widget\" data-e-type=\"widget\" data-widget_type=\"image.default\">\n\t\t\t\t<div class=\"elementor-widget-container\">\n\t\t\t\t\t\t\t\t\t\t\t\t\t\t\t<img decoding=\"async\" width=\"428\" height=\"450\" src=\"https:\/\/images.acuarioinbursa.com.mx\/img\/2025\/11\/PAQUETE-FAMILIAR-ACAURIOINBURSA-movil25.jpg\" class=\"attachment-full size-full wp-image-20837\" alt=\"\" srcset=\"https:\/\/images.acuarioinbursa.com.mx\/img\/2025\/11\/PAQUETE-FAMILIAR-ACAURIOINBURSA-movil25-285x300.jpg 285w, https:\/\/images.acuarioinbursa.com.mx\/img\/2025\/11\/PAQUETE-FAMILIAR-ACAURIOINBURSA-movil25.jpg 428w\" sizes=\"(max-width: 428px) 100vw, 428px\" \/>\t\t\t\t\t\t\t\t\t\t\t\t\t\t\t<\/div>\n\t\t\t\t<\/div>\n\t\t\t\t<\/div>\n\t\t<div class=\"elementor-element elementor-element-3234e2c e-flex e-con-boxed e-con e-parent\" data-id=\"3234e2c\" data-element_type=\"container\" data-e-type=\"container\" data-settings=\"{&quot;background_background&quot;:&quot;classic&quot;}\">\n\t\t\t\t\t<div class=\"e-con-inner\">\n\t\t<div class=\"elementor-element elementor-element-dbb4d3e e-con-full e-flex e-con e-child\" data-id=\"dbb4d3e\" data-element_type=\"container\" data-e-type=\"container\">\n\t\t\t\t<div class=\"elementor-element elementor-element-724a073 elementor-widget elementor-widget-heading\" data-id=\"724a073\" data-element_type=\"widget\" data-e-type=\"widget\" data-widget_type=\"heading.default\">\n\t\t\t\t<div class=\"elementor-widget-container\">\n\t\t\t\t\t<h1 class=\"elementor-heading-title elementor-size-default\">\u00a1Vive una experiencia \u00fanica en el mar de la ciudad! <\/h1>\t\t\t\t<\/div>\n\t\t\t\t<\/div>\n\t\t\t\t<div class=\"elementor-element elementor-element-76b34fb elementor-widget elementor-widget-text-editor\" data-id=\"76b34fb\" data-element_type=\"widget\" data-e-type=\"widget\" data-widget_type=\"text-editor.default\">\n\t\t\t\t<div class=\"elementor-widget-container\">\n\t\t\t\t\t\t\t\t\t<p class=\"p1\">Acuario Inbursa, el lugar ideal para vivir una experiencia marina sin salir de la ciudad.<\/p><p class=\"p1\">Con el <b>Paquete Familiar<\/b>, descubrir\u00e1n miles de especies marinas, desde coloridos peces hasta imponentes tiburones, y tendr\u00e1n la oportunidad de saludar a nuestros carism\u00e1ticos ping\u00fcinos. Una experiencia educativa, divertida y refrescante para toda la familia.<\/p><p>\ud83c\udf9f\ufe0f <b>\u00bfQu\u00e9 incluye el Paquete Familiar?<\/b><\/p><ul><li>4 entradas generales <strong>(Incluye 2 incre\u00edbles experiencias: Acuario Inbursa, Acuario Interactivo\u00a0<\/strong><\/li><li><span class=\"s1\">\u00a0<\/span>4 paletas de l\u00e1piz para disfrutar mientras exploran<\/li><\/ul><p class=\"p1\">\u00a1Prep\u00e1rate para una aventura bajo el mar y crea recuerdos inolvidables en el coraz\u00f3n de la ciudad!<br \/><b>\u00a1Te esperamos con las aletas abiertas!<\/b><b><\/b><\/p>\t\t\t\t\t\t\t\t<\/div>\n\t\t\t\t<\/div>\n\t\t\t\t<\/div>\n\t\t<div class=\"elementor-element elementor-element-3855547 e-con-full e-flex e-con e-child\" data-id=\"3855547\" data-element_type=\"container\" data-e-type=\"container\">\n\t\t\t\t<div class=\"elementor-element elementor-element-8645a99 elementor-widget elementor-widget-spacer\" data-id=\"8645a99\" data-element_type=\"widget\" data-e-type=\"widget\" data-widget_type=\"spacer.default\">\n\t\t\t\t<div class=\"elementor-widget-container\">\n\t\t\t\t\t\t\t<div class=\"elementor-spacer\">\n\t\t\t<div class=\"elementor-spacer-inner\"><\/div>\n\t\t<\/div>\n\t\t\t\t\t\t<\/div>\n\t\t\t\t<\/div>\n\t\t\t\t<div class=\"elementor-element elementor-element-a1606c3 elementor-widget elementor-widget-ucaddon_cover_flow_carousel\" data-id=\"a1606c3\" data-element_type=\"widget\" data-e-type=\"widget\" data-widget_type=\"ucaddon_cover_flow_carousel.default\">\n\t\t\t\t<div class=\"elementor-widget-container\">\n\t\t\t\t\t<!-- start Coverflow Carousel -->\n\t\t<link id='uc_ac_assets_file_jquery_flipster_css_16350-css' href='https:\/\/webdev.acuarioinbursa.com.mx\/wp-content\/uploads\/ac_assets\/cover_flow_carousel\/jquery.flipster.css' type='text\/css' rel='stylesheet' >\n\n\t\t\t<style type=\"text\/css\">\/* widget: Coverflow Carousel *\/\n\n#uc_cover_flow_carousel_elementor_a1606c3{\ndisplay: none;\n}\n#uc_cover_flow_carousel_elementor_a1606c3 .flipster__item img\n{\n  \n  display:block;\n  width:100%;\n}\n#uc_cover_flow_carousel_elementor_a1606c3 .flipster__item__content\n{\n  overflow:hidden;\n  position:relative;  \n  }\n\n#uc_cover_flow_carousel_elementor_a1606c3 .flipster__nav__item a\n{\n  z-index:1;\n}\n\n.ue-flip-item-title\n{\n  font-size:21px;\n}\n\n#uc_cover_flow_carousel_elementor_a1606c3 .ue-item-btn a\n{\n  text-decoration:none;\n  text-align:center;\n  transition:0.3s;\n}\n\n\n\n\n#uc_cover_flow_carousel_elementor_a1606c3 .flipster__button\n{\n  line-height:1em;\n  margin:0;\n}\n\n#uc_cover_flow_carousel_elementor_a1606c3 .ue-flip-item-icon\n{\n  line-height:1em;\n  display:inline-flex;\n  justify-content:center;\n  align-items:center;\n  \n}\n\n#uc_cover_flow_carousel_elementor_a1606c3 .ue-flip-item-icon svg\n{\n  height:1em;\n  width:1em;\n}\n\n#uc_cover_flow_carousel_elementor_a1606c3 .flipster__container, #uc_cover_flow_carousel_elementor_a1606c3 .flipster__item, #uc_cover_flow_carousel_elementor_a1606c3 .flipster__item__content\n{\n  transition:500ms;\n}\n\n#uc_cover_flow_carousel_elementor_a1606c3 .flipster__nav__link::after\n{\n  background-color:#14141426;\n}\n\n#uc_cover_flow_carousel_elementor_a1606c3 .flipster__nav__item a\n{\n  color:#14141400;\n}\n\n#uc_cover_flow_carousel_elementor_a1606c3 .flipster__nav__item--current>.flipster__nav__link\n{\n  color:#ffffff;\n}\n\n<\/style>\n\n\t\t\t<div class=\"ue-coverflow  \" id=\"uc_cover_flow_carousel_elementor_a1606c3\"  >\n        <ul class=\"flip-items uc-items-wrapper\">\n            <li class=\"ue-coverflow-item\" data-flip-title=\"Lavender Flowers\">\n\n  \n  \n  \n     <div class=\"ue-item-image\">\n   <a href=\"#\" >\n       \n          <img decoding=\"async\" src=\"https:\/\/images.acuarioinbursa.com.mx\/img\/2025\/07\/TIBURONES-CDMX-ACUARIOINBURSA-3.jpg\" class=\"elementor-repeater-item-d562eb7 ue-coverflow-image\"  src=\"https:\/\/images.acuarioinbursa.com.mx\/img\/2025\/07\/TIBURONES-CDMX-ACUARIOINBURSA-3.jpg\" alt=\"TIBURONES-CDMX-ACUARIOINBURSA-3\" width=\"450\" height=\"536\"> \n      \t   \n   <\/a>\n    <\/div>\n     \n  <\/li>\n<li class=\"ue-coverflow-item\" data-flip-title=\"Yellow Flowers\">\n\n  \n  \n  \n     <div class=\"ue-item-image\">\n   <a href=\"#\" >\n       \n          <img loading=\"lazy\" decoding=\"async\" src=\"https:\/\/images.acuarioinbursa.com.mx\/img\/2025\/05\/FAST-PASS3.png\" class=\"elementor-repeater-item-8b512d6 ue-coverflow-image\"  src=\"https:\/\/images.acuarioinbursa.com.mx\/img\/2025\/05\/FAST-PASS3.png\" alt=\"FAST-PASS3\" width=\"364\" height=\"453\"> \n      \t   \n   <\/a>\n    <\/div>\n     \n  <\/li>\n<li class=\"ue-coverflow-item\" data-flip-title=\"White Flowers\">\n\n  \n  \n  \n     <div class=\"ue-item-image\">\n   <a href=\"#\" >\n       \n          <img loading=\"lazy\" decoding=\"async\" src=\"https:\/\/images.acuarioinbursa.com.mx\/img\/2025\/05\/PASE-GENERAL-4.png\" class=\"elementor-repeater-item-ae84145 ue-coverflow-image\"  src=\"https:\/\/images.acuarioinbursa.com.mx\/img\/2025\/05\/PASE-GENERAL-4.png\" alt=\"PASE-GENERAL-4\" width=\"364\" height=\"453\"> \n      \t   \n   <\/a>\n    <\/div>\n     \n  <\/li>\n<li class=\"ue-coverflow-item\" data-flip-title=\"Orange Flowers\">\n\n  \n  \n  \n     <div class=\"ue-item-image\">\n   <a href=\"#\" >\n       \n          <img loading=\"lazy\" decoding=\"async\" src=\"https:\/\/images.acuarioinbursa.com.mx\/img\/2025\/05\/MEDUSAS-ACUARIOINBURSA.png\" class=\"elementor-repeater-item-ac726f7 ue-coverflow-image\"  src=\"https:\/\/images.acuarioinbursa.com.mx\/img\/2025\/05\/MEDUSAS-ACUARIOINBURSA.png\" alt=\"MEDUSAS-ACUARIOINBURSA\" width=\"364\" height=\"453\"> \n      \t   \n   <\/a>\n    <\/div>\n     \n  <\/li>\n<li class=\"ue-coverflow-item\" data-flip-title=\"Pink Flowers\">\n\n  \n  \n  \n     <div class=\"ue-item-image\">\n   <a href=\"#\" >\n       \n          <img loading=\"lazy\" decoding=\"async\" src=\"https:\/\/images.acuarioinbursa.com.mx\/img\/2025\/05\/shark-pass-3.png\" class=\"elementor-repeater-item-c2eca3c ue-coverflow-image\"  src=\"https:\/\/images.acuarioinbursa.com.mx\/img\/2025\/05\/shark-pass-3.png\" alt=\"shark-pass-3\" width=\"306\" height=\"382\"> \n      \t   \n   <\/a>\n    <\/div>\n     \n  <\/li>\n\n        <\/ul>\n<\/div>\n\t\t\t<!-- end Coverflow Carousel -->\t\t\t\t<\/div>\n\t\t\t\t<\/div>\n\t\t\t\t<\/div>\n\t\t\t\t\t<\/div>\n\t\t\t\t<\/div>\n\t\t<div class=\"elementor-element elementor-element-c5be8fc e-flex e-con-boxed e-con e-parent\" data-id=\"c5be8fc\" data-element_type=\"container\" data-e-type=\"container\" data-settings=\"{&quot;background_background&quot;:&quot;classic&quot;}\">\n\t\t\t\t\t<div class=\"e-con-inner\">\n\t\t\t\t<div class=\"elementor-element elementor-element-b8031ff elementor-widget elementor-widget-heading\" data-id=\"b8031ff\" data-element_type=\"widget\" data-e-type=\"widget\" data-widget_type=\"heading.default\">\n\t\t\t\t<div class=\"elementor-widget-container\">\n\t\t\t\t\t<h2 class=\"elementor-heading-title elementor-size-default\">el paquete familiar es  v\u00e1lido COMPRANDO EN L\u00cdNEA CON AL MENOS UN D\u00cdA DE ANTICIPACI\u00d3N. <\/h2>\t\t\t\t<\/div>\n\t\t\t\t<\/div>\n\t\t\t\t<div class=\"elementor-element elementor-element-814d40d elementor-widget elementor-widget-shortcode\" data-id=\"814d40d\" data-element_type=\"widget\" data-e-type=\"widget\" data-widget_type=\"shortcode.default\">\n\t\t\t\t<div class=\"elementor-widget-container\">\n\t\t\t\t\t\t\t<div class=\"elementor-shortcode\"><input type=\"hidden\" id=\"vmg_plugin_id\" value=\"1\">\n<input type=\"hidden\" id=\"vmg_plugin_url\" value=\"plugin.venturae.com.mx\">\n<div  id=\"pluginContainer\" class=\"container\"><\/div>\n<link href=\"https:\/\/cdnjs.cloudflare.com\/ajax\/libs\/font-awesome\/5.10.2\/css\/all.min.css\" rel=\"stylesheet\">\n<script src=\"https:\/\/ajax.googleapis.com\/ajax\/libs\/jquery\/3.7.1\/jquery.min.js\"><\/script>\n<script>\n\tjQuery(document).ready(function($){\n\t\tvar vmg_plugin_id = $('#vmg_plugin_id').val();\n\t\tvar vmg_plugin_url = $('#vmg_plugin_url').val();\n\n\t\t$.getScript( `https:\/\/${vmg_plugin_url}\/js\/pluginscripts.js`, function(jd) {\n\t\t\t\"use strict\";\n\t\t\t$.pluginUrl = `https:\/\/${vmg_plugin_url}\/requesterv2.php`;\n\t\t\tvar params = {\n\t\t\t\t\t\t\t\t\t\t\t\t\t\t\t\t\t\t\t\t\t\t\t\t\t\t\t\t'vendedor_id': \"13698\",\n\t\t\t\t\t\t\t\t\t\t\t\t'pax_min': \"4\",\n\t\t\t\t\t\t\t\t\t\t\t\t'pax_max': \"8\",\n\t\t\t\t\t\t\t\t\t\t\t\t'plugin_id': \"1\",\n\t\t\t\t\t\t\t\t\t\t\t\t\t\t\t\t\t\t\t\t\t\t\t\t\t\t\t\t'user_language': \"es\",\n\t\t\t\t\t\t\t\t\t\t\t\t\t\t\t\t\n\t\t\t\t\n\t\t\t\t'plugin_id': vmg_plugin_id\n\t\t\t};\n\t\t\tconst urlParams = new URLSearchParams(window.location.search);\n\t\t\turlParams.forEach((value, key) => {\n\t\t\t\tparams[key] = value;\n\t\t\t});\n\t\t\t$.post($.pluginUrl,params,function(data, status){\n\t\t\t\tjQuery( \"#pluginContainer\" ).html(data);\n\t\t\t});\n\n\t\t});\n\n\t});\n<\/script><\/div>\n\t\t\t\t\t\t<\/div>\n\t\t\t\t<\/div>\n\t\t\t\t\t<\/div>\n\t\t\t\t<\/div>\n\t\t<div class=\"elementor-element elementor-element-5b56ea3 e-flex e-con-boxed e-con e-parent\" data-id=\"5b56ea3\" data-element_type=\"container\" data-e-type=\"container\" data-settings=\"{&quot;background_background&quot;:&quot;classic&quot;}\">\n\t\t\t\t\t<div class=\"e-con-inner\">\n\t\t\t\t<div class=\"elementor-element elementor-element-66c499f elementor-widget elementor-widget-spacer\" data-id=\"66c499f\" data-element_type=\"widget\" data-e-type=\"widget\" data-widget_type=\"spacer.default\">\n\t\t\t\t<div class=\"elementor-widget-container\">\n\t\t\t\t\t\t\t<div class=\"elementor-spacer\">\n\t\t\t<div class=\"elementor-spacer-inner\"><\/div>\n\t\t<\/div>\n\t\t\t\t\t\t<\/div>\n\t\t\t\t<\/div>\n\t\t\t\t<div class=\"elementor-element elementor-element-db804dc elementor-invisible elementor-widget elementor-widget-n-accordion\" data-id=\"db804dc\" data-element_type=\"widget\" data-e-type=\"widget\" data-settings=\"{&quot;_animation&quot;:&quot;zoomInUp&quot;,&quot;default_state&quot;:&quot;expanded&quot;,&quot;max_items_expended&quot;:&quot;one&quot;,&quot;n_accordion_animation_duration&quot;:{&quot;unit&quot;:&quot;ms&quot;,&quot;size&quot;:400,&quot;sizes&quot;:[]}}\" data-widget_type=\"nested-accordion.default\">\n\t\t\t\t<div class=\"elementor-widget-container\">\n\t\t\t\t\t\t\t<div class=\"e-n-accordion\" aria-label=\"Accordion. Open links with Enter or Space, close with Escape, and navigate with Arrow Keys\">\n\t\t\t\t\t\t<details id=\"e-n-accordion-item-2300\" class=\"e-n-accordion-item\" open>\n\t\t\t\t<summary class=\"e-n-accordion-item-title\" data-accordion-index=\"1\" tabindex=\"0\" aria-expanded=\"true\" aria-controls=\"e-n-accordion-item-2300\" >\n\t\t\t\t\t<span class='e-n-accordion-item-title-header'><div class=\"e-n-accordion-item-title-text\"> T\u00e9rminos y condiciones <\/div><\/span>\n\t\t\t\t\t\t\t<span class='e-n-accordion-item-title-icon'>\n\t\t\t<span class='e-opened' ><i aria-hidden=\"true\" class=\"fas fa-minus\"><\/i><\/span>\n\t\t\t<span class='e-closed'><i aria-hidden=\"true\" class=\"fas fa-plus\"><\/i><\/span>\n\t\t<\/span>\n\n\t\t\t\t\t\t<\/summary>\n\t\t\t\t<div role=\"region\" aria-labelledby=\"e-n-accordion-item-2300\" class=\"elementor-element elementor-element-7754c19 e-con-full e-flex e-con e-child\" data-id=\"7754c19\" data-element_type=\"container\" data-e-type=\"container\" data-settings=\"{&quot;background_background&quot;:&quot;classic&quot;}\">\n\t\t\t\t<div class=\"elementor-element elementor-element-a3e5e21 elementor-widget elementor-widget-text-editor\" data-id=\"a3e5e21\" data-element_type=\"widget\" data-e-type=\"widget\" data-widget_type=\"text-editor.default\">\n\t\t\t\t<div class=\"elementor-widget-container\">\n\t\t\t\t\t\t\t\t\t<ul><li class=\"p1\">V\u00e1lido comprando con al menos 24 horas de anticipaci\u00f3n.<\/li><li class=\"p1\">Promoci\u00f3n v\u00e1lida comprando al 28 de febrero de 2026.<\/li><li class=\"p1\">V\u00e1lido \u00fanicamente en Entrada General en compras de m\u00ednimo 4 personas. Para uso de lunes a domingo.<\/li><li class=\"p1\">NO acumulable con otras promociones, descuentos de grupos de empresas, tours, escolares o convenios empresariales.<\/li><li class=\"p1\">Nuestros marineros menores de 3 a\u00f1os no pagan acceso (3 a\u00f1os cumplidos o m\u00e1s, pagan acceso).<\/li><li class=\"p1\">No v\u00e1lido para Entrada General + Ping\u00fcinos, Sharkpass o Sharkpass + Ping\u00fcinos.<\/li><li class=\"p1\">Persona EXTRA agregada en el PAQUETE FAMILIAR pagara $287.50 pesos. Limitado a 8 personas por reserva.<\/li><\/ul>\t\t\t\t\t\t\t\t<\/div>\n\t\t\t\t<\/div>\n\t\t\t\t<\/div>\n\t\t\t\t\t<\/details>\n\t\t\t\t\t<\/div>\n\t\t\t\t\t\t<\/div>\n\t\t\t\t<\/div>\n\t\t\t\t<div class=\"elementor-element elementor-element-bba7a28 elementor-widget elementor-widget-spacer\" data-id=\"bba7a28\" data-element_type=\"widget\" data-e-type=\"widget\" data-widget_type=\"spacer.default\">\n\t\t\t\t<div class=\"elementor-widget-container\">\n\t\t\t\t\t\t\t<div class=\"elementor-spacer\">\n\t\t\t<div class=\"elementor-spacer-inner\"><\/div>\n\t\t<\/div>\n\t\t\t\t\t\t<\/div>\n\t\t\t\t<\/div>\n\t\t\t\t\t<\/div>\n\t\t\t\t<\/div>\n\t\t\t\t<\/div>\n\t\t","protected":false},"excerpt":{"rendered":"<p>\u00a1Vive una experiencia \u00fanica en el mar de la ciudad! Acuario Inbursa, el lugar ideal para vivir una experiencia marina sin salir de la ciudad. Con el Paquete Familiar, descubrir\u00e1n miles de especies marinas, desde coloridos peces hasta imponentes tiburones, y tendr\u00e1n la oportunidad de saludar a nuestros carism\u00e1ticos ping\u00fcinos. Una experiencia educativa, divertida y [&hellip;]<\/p>\n","protected":false},"author":12,"featured_media":0,"parent":0,"menu_order":0,"comment_status":"closed","ping_status":"closed","template":"","meta":{"footnotes":""},"class_list":["post-19577","page","type-page","status-publish","hentry"],"_links":{"self":[{"href":"https:\/\/webdev.acuarioinbursa.com.mx\/en\/wp-json\/wp\/v2\/pages\/19577","targetHints":{"allow":["GET"]}}],"collection":[{"href":"https:\/\/webdev.acuarioinbursa.com.mx\/en\/wp-json\/wp\/v2\/pages"}],"about":[{"href":"https:\/\/webdev.acuarioinbursa.com.mx\/en\/wp-json\/wp\/v2\/types\/page"}],"author":[{"embeddable":true,"href":"https:\/\/webdev.acuarioinbursa.com.mx\/en\/wp-json\/wp\/v2\/users\/12"}],"replies":[{"embeddable":true,"href":"https:\/\/webdev.acuarioinbursa.com.mx\/en\/wp-json\/wp\/v2\/comments?post=19577"}],"version-history":[{"count":100,"href":"https:\/\/webdev.acuarioinbursa.com.mx\/en\/wp-json\/wp\/v2\/pages\/19577\/revisions"}],"predecessor-version":[{"id":21944,"href":"https:\/\/webdev.acuarioinbursa.com.mx\/en\/wp-json\/wp\/v2\/pages\/19577\/revisions\/21944"}],"wp:attachment":[{"href":"https:\/\/webdev.acuarioinbursa.com.mx\/en\/wp-json\/wp\/v2\/media?parent=19577"}],"curies":[{"name":"wp","href":"https:\/\/api.w.org\/{rel}","templated":true}]}}