{"id":340,"date":"2020-07-07T14:29:15","date_gmt":"2020-07-07T14:29:15","guid":{"rendered":"https:\/\/webdev.acuarioinbursa.com.mx\/?page_id=340"},"modified":"2025-03-25T22:49:27","modified_gmt":"2025-03-25T22:49:27","slug":"terminos-y-condiciones","status":"publish","type":"page","link":"https:\/\/webdev.acuarioinbursa.com.mx\/en\/terminos-y-condiciones\/","title":{"rendered":"T\u00e9rminos y Condiciones"},"content":{"rendered":"<div data-elementor-type=\"wp-page\" data-elementor-id=\"340\" class=\"elementor elementor-340\" data-elementor-post-type=\"page\">\n\t\t\t\t<div class=\"elementor-element elementor-element-76ca57d e-con-full elementor-hidden-mobile e-flex e-con e-parent\" data-id=\"76ca57d\" data-element_type=\"container\" data-e-type=\"container\">\n\t\t\t\t<div class=\"elementor-element elementor-element-f512310 elementor-hidden-mobile elementor--h-position-center elementor--v-position-middle elementor-arrows-position-inside elementor-widget elementor-widget-slides\" data-id=\"f512310\" data-element_type=\"widget\" data-e-type=\"widget\" data-settings=\"{&quot;navigation&quot;:&quot;arrows&quot;,&quot;autoplay&quot;:&quot;yes&quot;,&quot;pause_on_hover&quot;:&quot;yes&quot;,&quot;pause_on_interaction&quot;:&quot;yes&quot;,&quot;autoplay_speed&quot;:5000,&quot;infinite&quot;:&quot;yes&quot;,&quot;transition&quot;:&quot;slide&quot;,&quot;transition_speed&quot;:500}\" data-widget_type=\"slides.default\">\n\t\t\t\t<div class=\"elementor-widget-container\">\n\t\t\t\t\t\t\t\t\t<div class=\"elementor-swiper\">\n\t\t\t\t\t<div class=\"elementor-slides-wrapper elementor-main-swiper swiper\" role=\"region\" aria-roledescription=\"carousel\" aria-label=\"Slides\" dir=\"ltr\" data-animation=\"fadeInUp\">\n\t\t\t\t<div class=\"swiper-wrapper elementor-slides\">\n\t\t\t\t\t\t\t\t\t\t<div class=\"elementor-repeater-item-af89b31 swiper-slide\" role=\"group\" aria-roledescription=\"slide\"><div class=\"swiper-slide-bg\" role=\"img\"><\/div><div class=\"swiper-slide-inner\" ><div class=\"swiper-slide-contents\"><\/div><\/div><\/div>\t\t\t\t<\/div>\n\t\t\t\t\t\t\t<\/div>\n\t\t\t\t<\/div>\n\t\t\t\t\t\t\t\t<\/div>\n\t\t\t\t<\/div>\n\t\t\t\t<\/div>\n\t\t<div class=\"elementor-element elementor-element-c1ec548 e-con-full elementor-hidden-desktop elementor-hidden-tablet e-flex e-con e-parent\" data-id=\"c1ec548\" data-element_type=\"container\" data-e-type=\"container\">\n\t\t\t\t<div class=\"elementor-element elementor-element-f2bdbe7 elementor-hidden-desktop elementor-hidden-tablet elementor--h-position-center elementor--v-position-middle elementor-arrows-position-inside elementor-widget elementor-widget-slides\" data-id=\"f2bdbe7\" data-element_type=\"widget\" data-e-type=\"widget\" data-settings=\"{&quot;navigation&quot;:&quot;arrows&quot;,&quot;autoplay&quot;:&quot;yes&quot;,&quot;pause_on_hover&quot;:&quot;yes&quot;,&quot;pause_on_interaction&quot;:&quot;yes&quot;,&quot;autoplay_speed&quot;:5000,&quot;infinite&quot;:&quot;yes&quot;,&quot;transition&quot;:&quot;slide&quot;,&quot;transition_speed&quot;:500}\" data-widget_type=\"slides.default\">\n\t\t\t\t<div class=\"elementor-widget-container\">\n\t\t\t\t\t\t\t\t\t<div class=\"elementor-swiper\">\n\t\t\t\t\t<div class=\"elementor-slides-wrapper elementor-main-swiper swiper\" role=\"region\" aria-roledescription=\"carousel\" aria-label=\"Slides\" dir=\"ltr\" data-animation=\"fadeInUp\">\n\t\t\t\t<div class=\"swiper-wrapper elementor-slides\">\n\t\t\t\t\t\t\t\t\t\t<div class=\"elementor-repeater-item-af89b31 swiper-slide\" role=\"group\" aria-roledescription=\"slide\"><div class=\"swiper-slide-bg\" role=\"img\"><\/div><div class=\"swiper-slide-inner\" ><div class=\"swiper-slide-contents\"><\/div><\/div><\/div>\t\t\t\t<\/div>\n\t\t\t\t\t\t\t<\/div>\n\t\t\t\t<\/div>\n\t\t\t\t\t\t\t\t<\/div>\n\t\t\t\t<\/div>\n\t\t\t\t<\/div>\n\t\t\t\t<section class=\"elementor-section elementor-top-section elementor-element elementor-element-c3bf92f elementor-section-boxed elementor-section-height-default elementor-section-height-default\" data-id=\"c3bf92f\" data-element_type=\"section\" data-e-type=\"section\">\n\t\t\t\t\t\t<div class=\"elementor-container elementor-column-gap-default\">\n\t\t\t\t\t<div class=\"elementor-column elementor-col-100 elementor-top-column elementor-element elementor-element-46e2dae\" data-id=\"46e2dae\" data-element_type=\"column\" data-e-type=\"column\">\n\t\t\t<div class=\"elementor-widget-wrap elementor-element-populated\">\n\t\t\t\t\t\t<div class=\"elementor-element elementor-element-df40756 elementor-widget elementor-widget-text-editor\" data-id=\"df40756\" data-element_type=\"widget\" data-e-type=\"widget\" data-widget_type=\"text-editor.default\">\n\t\t\t\t<div class=\"elementor-widget-container\">\n\t\t\t\t\t\t\t\t\t<p><strong>T\u00c9RMINOS Y CONDICIONES PARA EL PROCESO DE CANCELACI\u00d3N Y\/O <\/strong><strong>DEVOLUCI\u00d3N:<\/strong><\/p><p><b>CANCELACI\u00d3N POR NO PRESENTACI\u00d3N \u2013 NO SHOW- .<\/b><\/p><p><span style=\"font-weight: 400;\">En caso de que el Consumidor no se presente en la fecha y horario de reserva para la prestaci\u00f3n del servicio se tendr\u00e1 por cancelado el mismo, sin responsabilidad para BLAU LIFE, S.A.P.I. DE C.V. sin que dicha cancelaci\u00f3n de motivo u obligaci\u00f3n a BLAU LIFE, S.A.P.I. DE C.V. para realizar la devoluci\u00f3n del importe pagado por el servicio.<\/span><\/p><p><b>MODIFICACI\u00d3N DE RESERVA DEL SERVICIO.<\/b><\/p><p><span style=\"font-weight: 400;\">En caso de que el Consumidor requiera modificar la fecha y horario de reserva deber\u00e1 realizar la solicitud con al menos 24 (veinticuatro) horas de antelaci\u00f3n a la fecha y hora de reservaci\u00f3n original, para tal efecto, el Consumidor deber\u00e1 comunicarse al n\u00famero telef\u00f3nico 55 5395 4586 y\/o enviar un correo electr\u00f3nico a la direcci\u00f3n electr\u00f3nica contacto@acuarioinbursa.com.mx, detallando el n\u00famero de reserva, correo electr\u00f3nico con el que se efectu\u00f3 la compra e indicar la nueva fecha y horario en que requiera la prestaci\u00f3n del servicio, la cual no deber\u00e1 exceder de un plazo de 6 (seis) meses calendario a partir de la fecha de la solicitud de cambio.<\/span><\/p><p><b>DEVOLUCI\u00d3N DEL COSTO DEL SERVICIO.\u00a0<\/b><\/p><p><span style=\"font-weight: 400;\">En el supuesto de que el Consumidor requiera la devoluci\u00f3n del pago efectuado por la reserva del servicio deber\u00e1 realizar la solicitud con al menos 24 (veinticuatro) horas de antelaci\u00f3n a la fecha y hora de reservaci\u00f3n original, para tal efecto, el Consumidor deber\u00e1 comunicarse al n\u00famero telef\u00f3nico 55 5395 4586 y\/o enviar un correo electr\u00f3nico a la direcci\u00f3n electr\u00f3nica contacto@acuarioinbursa.com.mx, detallando el n\u00famero de reserva, correo electr\u00f3nico con el que se efectu\u00f3 la compra, el n\u00famero de cuenta clabe interbancaria para traspaso de fondos o los datos de tarjeta de cr\u00e9dito o d\u00e9bito, banco emisor y titular de la tarjeta en la que se llevar\u00e1 a cabo la devoluci\u00f3n del importe de la compra a nombre del titular de la reserva, incluyendo la car\u00e1tula del estado de cuenta.<\/span><\/p><p><span style=\"font-weight: 400;\">Toda devoluci\u00f3n implicar\u00e1 un cargo del 5% (cinco por ciento) del monto total de la compra por conceptos de comisiones bancarias y cargos administrativos.<\/span><\/p><p><b>DEVOLUCI\u00d3N DEL COSTO DEL SERVICIO POR CUESTIONES IMPUTABLES A BLAU LIFE, S.A.P.I. DE C.V.<\/b><\/p><p><span style=\"font-weight: 400;\">En el supuesto de que BLAU LIFE, S.A.P.I. DE C.V. no pueda efectuar la prestaci\u00f3n del servicio por causas de fuerza mayor o caso fortuito, incluyendo de manera enunciativa m\u00e1s no limitativa contingencias econ\u00f3micas, sanitarias, clim\u00e1ticas, administrativas o cualquier otra situaci\u00f3n imprevista que afecte significativamente la operaci\u00f3n del establecimiento mercantil, BLAU LIFE, S.A.P.I. DE C.V. emitir\u00e1 la devoluci\u00f3n correspondiente sin cargos administrativos, debiendo el Consumidor enviar un correo electr\u00f3nico a la direcci\u00f3n electr\u00f3nica contacto@acuarioinbursa.com.mx, detallando el n\u00famero de reserva, correo electr\u00f3nico con el que se efectu\u00f3 la compra, el n\u00famero de cuenta clabe interbancaria para traspaso de fondos o los datos de tarjeta de cr\u00e9dito o d\u00e9bito, banco emisor y titular de la tarjeta en la que se llevar\u00e1 a cabo la devoluci\u00f3n del importe de la compra a nombre del titular de la reserva, incluyendo la car\u00e1tula del estado de cuenta.<\/span><\/p><p><a href=\"https:\/\/webdev.acuarioinbursa.com.mx\/en\/aviso-de-privacidad\/\">Consulte el Aviso de Privacidad.<\/a><\/p>\t\t\t\t\t\t\t\t<\/div>\n\t\t\t\t<\/div>\n\t\t\t\t<div class=\"elementor-element elementor-element-c59f3b5 elementor-widget elementor-widget-spacer\" data-id=\"c59f3b5\" data-element_type=\"widget\" data-e-type=\"widget\" data-widget_type=\"spacer.default\">\n\t\t\t\t<div class=\"elementor-widget-container\">\n\t\t\t\t\t\t\t<div class=\"elementor-spacer\">\n\t\t\t<div class=\"elementor-spacer-inner\"><\/div>\n\t\t<\/div>\n\t\t\t\t\t\t<\/div>\n\t\t\t\t<\/div>\n\t\t\t\t\t<\/div>\n\t\t<\/div>\n\t\t\t\t\t<\/div>\n\t\t<\/section>\n\t\t\t\t<\/div>","protected":false},"excerpt":{"rendered":"<p>T\u00c9RMINOS Y CONDICIONES PARA EL PROCESO DE CANCELACI\u00d3N Y\/O DEVOLUCI\u00d3N: CANCELACI\u00d3N POR NO PRESENTACI\u00d3N \u2013 NO SHOW- . En caso de que el Consumidor no se presente en la fecha y horario de reserva para la prestaci\u00f3n del servicio se tendr\u00e1 por cancelado el mismo, sin responsabilidad para BLAU LIFE, S.A.P.I. DE C.V. sin que [&hellip;]<\/p>\n","protected":false},"author":1,"featured_media":0,"parent":0,"menu_order":0,"comment_status":"closed","ping_status":"closed","template":"elementor_header_footer","meta":{"footnotes":""},"class_list":["post-340","page","type-page","status-publish","hentry"],"_links":{"self":[{"href":"https:\/\/webdev.acuarioinbursa.com.mx\/en\/wp-json\/wp\/v2\/pages\/340","targetHints":{"allow":["GET"]}}],"collection":[{"href":"https:\/\/webdev.acuarioinbursa.com.mx\/en\/wp-json\/wp\/v2\/pages"}],"about":[{"href":"https:\/\/webdev.acuarioinbursa.com.mx\/en\/wp-json\/wp\/v2\/types\/page"}],"author":[{"embeddable":true,"href":"https:\/\/webdev.acuarioinbursa.com.mx\/en\/wp-json\/wp\/v2\/users\/1"}],"replies":[{"embeddable":true,"href":"https:\/\/webdev.acuarioinbursa.com.mx\/en\/wp-json\/wp\/v2\/comments?post=340"}],"version-history":[{"count":12,"href":"https:\/\/webdev.acuarioinbursa.com.mx\/en\/wp-json\/wp\/v2\/pages\/340\/revisions"}],"predecessor-version":[{"id":14881,"href":"https:\/\/webdev.acuarioinbursa.com.mx\/en\/wp-json\/wp\/v2\/pages\/340\/revisions\/14881"}],"wp:attachment":[{"href":"https:\/\/webdev.acuarioinbursa.com.mx\/en\/wp-json\/wp\/v2\/media?parent=340"}],"curies":[{"name":"wp","href":"https:\/\/api.w.org\/{rel}","templated":true}]}}