{"id":5,"date":"2020-07-02T15:01:47","date_gmt":"2020-07-02T15:01:47","guid":{"rendered":"https:\/\/webdev.acuarioinbursa.com.mx\/?page_id=5"},"modified":"2026-04-20T17:15:56","modified_gmt":"2026-04-20T17:15:56","slug":"comprar","status":"publish","type":"page","link":"https:\/\/webdev.acuarioinbursa.com.mx\/en\/comprar\/","title":{"rendered":"Comprar Boletos"},"content":{"rendered":"\t\t<div data-elementor-type=\"wp-page\" data-elementor-id=\"5\" class=\"elementor elementor-5\" data-elementor-post-type=\"page\">\n\t\t\t\t<div class=\"elementor-element elementor-element-c933deb elementor-hidden-mobile elementor-hidden-desktop elementor-hidden-tablet e-flex e-con-boxed e-con e-parent\" data-id=\"c933deb\" data-element_type=\"container\" data-e-type=\"container\" data-settings=\"{&quot;background_background&quot;:&quot;classic&quot;}\">\n\t\t\t\t\t<div class=\"e-con-inner\">\n\t\t\t\t<div class=\"elementor-element elementor-element-68d9872 elementor-widget__width-initial elementor-widget elementor-widget-spacer\" data-id=\"68d9872\" data-element_type=\"widget\" data-e-type=\"widget\" data-widget_type=\"spacer.default\">\n\t\t\t\t<div class=\"elementor-widget-container\">\n\t\t\t\t\t\t\t<div class=\"elementor-spacer\">\n\t\t\t<div class=\"elementor-spacer-inner\"><\/div>\n\t\t<\/div>\n\t\t\t\t\t\t<\/div>\n\t\t\t\t<\/div>\n\t\t<div class=\"elementor-element elementor-element-dd5766f e-con-full e-flex e-con e-child\" data-id=\"dd5766f\" data-element_type=\"container\" data-e-type=\"container\">\n\t\t\t\t<div class=\"elementor-element elementor-element-5300adc elementor-widget elementor-widget-image\" data-id=\"5300adc\" data-element_type=\"widget\" data-e-type=\"widget\" data-widget_type=\"image.default\">\n\t\t\t\t<div class=\"elementor-widget-container\">\n\t\t\t\t\t\t\t\t\t\t\t\t\t\t\t<img fetchpriority=\"high\" decoding=\"async\" width=\"1024\" height=\"161\" src=\"https:\/\/images.acuarioinbursa.com.mx\/2025\/02\/SHARKPASS-LOGO-1024x161.png\" class=\"attachment-large size-large wp-image-14389\" alt=\"\" srcset=\"https:\/\/images.acuarioinbursa.com.mx\/2025\/02\/SHARKPASS-LOGO-300x170.png 300w, https:\/\/images.acuarioinbursa.com.mx\/2025\/02\/SHARKPASS-LOGO-1024x161.png 1024w, https:\/\/images.acuarioinbursa.com.mx\/2025\/02\/SHARKPASS-LOGO-768x121.png 768w, https:\/\/images.acuarioinbursa.com.mx\/2025\/02\/SHARKPASS-LOGO.png 1080w\" sizes=\"(max-width: 1024px) 100vw, 1024px\" \/>\t\t\t\t\t\t\t\t\t\t\t\t\t\t\t<\/div>\n\t\t\t\t<\/div>\n\t\t\t\t<\/div>\n\t\t<div class=\"elementor-element elementor-element-8b58620 e-con-full e-flex e-con e-child\" data-id=\"8b58620\" data-element_type=\"container\" data-e-type=\"container\">\n\t\t\t\t<div class=\"elementor-element elementor-element-5ff8e50 elementor-widget elementor-widget-button\" data-id=\"5ff8e50\" data-element_type=\"widget\" data-e-type=\"widget\" data-widget_type=\"button.default\">\n\t\t\t\t<div class=\"elementor-widget-container\">\n\t\t\t\t\t\t\t\t\t<div class=\"elementor-button-wrapper\">\n\t\t\t\t\t<a class=\"elementor-button elementor-button-link elementor-size-sm\" href=\"https:\/\/webdev.acuarioinbursa.com.mx\/shark-pass\/\">\n\t\t\t\t\t\t<span class=\"elementor-button-content-wrapper\">\n\t\t\t\t\t\t\t\t\t<span class=\"elementor-button-text\">COMPRA AQU\u00cd<\/span>\n\t\t\t\t\t<\/span>\n\t\t\t\t\t<\/a>\n\t\t\t\t<\/div>\n\t\t\t\t\t\t\t\t<\/div>\n\t\t\t\t<\/div>\n\t\t\t\t<\/div>\n\t\t\t\t\t<\/div>\n\t\t\t\t<\/div>\n\t\t<div class=\"elementor-element elementor-element-72cdcc6 elementor-hidden-desktop elementor-hidden-tablet elementor-hidden-mobile e-flex e-con-boxed e-con e-parent\" data-id=\"72cdcc6\" data-element_type=\"container\" data-e-type=\"container\" data-settings=\"{&quot;background_background&quot;:&quot;classic&quot;}\">\n\t\t\t\t\t<div class=\"e-con-inner\">\n\t\t\t\t<div class=\"elementor-element elementor-element-96290ff elementor-widget__width-initial elementor-widget elementor-widget-spacer\" data-id=\"96290ff\" data-element_type=\"widget\" data-e-type=\"widget\" data-widget_type=\"spacer.default\">\n\t\t\t\t<div class=\"elementor-widget-container\">\n\t\t\t\t\t\t\t<div class=\"elementor-spacer\">\n\t\t\t<div class=\"elementor-spacer-inner\"><\/div>\n\t\t<\/div>\n\t\t\t\t\t\t<\/div>\n\t\t\t\t<\/div>\n\t\t<div class=\"elementor-element elementor-element-48229d5 e-flex e-con-boxed e-con e-child\" data-id=\"48229d5\" data-element_type=\"container\" data-e-type=\"container\">\n\t\t\t\t\t<div class=\"e-con-inner\">\n\t\t\t\t<div class=\"elementor-element elementor-element-d09b101 elementor-widget elementor-widget-image\" data-id=\"d09b101\" data-element_type=\"widget\" data-e-type=\"widget\" data-widget_type=\"image.default\">\n\t\t\t\t<div class=\"elementor-widget-container\">\n\t\t\t\t\t\t\t\t\t\t\t\t\t\t\t<img decoding=\"async\" width=\"800\" height=\"310\" src=\"https:\/\/images.acuarioinbursa.com.mx\/2025\/02\/SHARKPASS-LOGO-MOVIL.png\" class=\"attachment-large size-large wp-image-14390\" alt=\"\" srcset=\"https:\/\/images.acuarioinbursa.com.mx\/2025\/02\/SHARKPASS-LOGO-MOVIL-300x200.png 300w, https:\/\/images.acuarioinbursa.com.mx\/2025\/02\/SHARKPASS-LOGO-MOVIL-768x298.png 768w, https:\/\/images.acuarioinbursa.com.mx\/2025\/02\/SHARKPASS-LOGO-MOVIL.png 952w\" sizes=\"(max-width: 800px) 100vw, 800px\" \/>\t\t\t\t\t\t\t\t\t\t\t\t\t\t\t<\/div>\n\t\t\t\t<\/div>\n\t\t\t\t\t<\/div>\n\t\t\t\t<\/div>\n\t\t<div class=\"elementor-element elementor-element-1d88690 e-con-full e-flex e-con e-child\" data-id=\"1d88690\" data-element_type=\"container\" data-e-type=\"container\">\n\t\t\t\t<div class=\"elementor-element elementor-element-66dfb15 elementor-mobile-align-center elementor-widget elementor-widget-button\" data-id=\"66dfb15\" data-element_type=\"widget\" data-e-type=\"widget\" data-widget_type=\"button.default\">\n\t\t\t\t<div class=\"elementor-widget-container\">\n\t\t\t\t\t\t\t\t\t<div class=\"elementor-button-wrapper\">\n\t\t\t\t\t<a class=\"elementor-button elementor-button-link elementor-size-sm\" href=\"https:\/\/webdev.acuarioinbursa.com.mx\/shark-pass\/\">\n\t\t\t\t\t\t<span class=\"elementor-button-content-wrapper\">\n\t\t\t\t\t\t\t\t\t<span class=\"elementor-button-text\">COMPRA AQU\u00cd<\/span>\n\t\t\t\t\t<\/span>\n\t\t\t\t\t<\/a>\n\t\t\t\t<\/div>\n\t\t\t\t\t\t\t\t<\/div>\n\t\t\t\t<\/div>\n\t\t\t\t<\/div>\n\t\t\t\t\t<\/div>\n\t\t\t\t<\/div>\n\t\t<div class=\"elementor-element elementor-element-ed275bf e-flex e-con-boxed e-con e-parent\" data-id=\"ed275bf\" data-element_type=\"container\" data-e-type=\"container\" data-settings=\"{&quot;background_background&quot;:&quot;classic&quot;}\">\n\t\t\t\t\t<div class=\"e-con-inner\">\n\t\t<div class=\"elementor-element elementor-element-56fcb39 e-con-full e-flex e-con e-child\" data-id=\"56fcb39\" data-element_type=\"container\" data-e-type=\"container\">\n\t\t\t\t<div class=\"elementor-element elementor-element-5c2d414 elementor-widget elementor-widget-heading\" data-id=\"5c2d414\" data-element_type=\"widget\" data-e-type=\"widget\" data-widget_type=\"heading.default\">\n\t\t\t\t<div class=\"elementor-widget-container\">\n\t\t\t\t\t<h1 class=\"elementor-heading-title elementor-size-default\">\u00a1Reserva ahora y asegura tu lugar en esta experiencia \u00fanica bajo el mar!\n<\/h1>\t\t\t\t<\/div>\n\t\t\t\t<\/div>\n\t\t\t\t<div class=\"elementor-element elementor-element-e0b433c elementor-widget elementor-widget-text-editor\" data-id=\"e0b433c\" data-element_type=\"widget\" data-e-type=\"widget\" data-widget_type=\"text-editor.default\">\n\t\t\t\t<div class=\"elementor-widget-container\">\n\t\t\t\t\t\t\t\t\t<p><span style=\"font-weight: 400;\"><strong>Nuestros espacios son limitados<\/strong> y cada visita transforma nuestro acuario en un lugar vivo, lleno de descubrimiento, aprendizaje y momentos inolvidables. No te quedes fuera de esta aventura m\u00e1gica en el coraz\u00f3n de la CDMX.<\/span><\/p>\t\t\t\t\t\t\t\t<\/div>\n\t\t\t\t<\/div>\n\t\t\t\t<div class=\"elementor-element elementor-element-c74448f elementor-widget elementor-widget-accordion\" data-id=\"c74448f\" data-element_type=\"widget\" data-e-type=\"widget\" data-widget_type=\"accordion.default\">\n\t\t\t\t<div class=\"elementor-widget-container\">\n\t\t\t\t\t\t\t<div class=\"elementor-accordion\">\n\t\t\t\t\t\t\t<div class=\"elementor-accordion-item\">\n\t\t\t\t\t<div id=\"elementor-tab-title-2081\" class=\"elementor-tab-title\" data-tab=\"1\" role=\"button\" aria-controls=\"elementor-tab-content-2081\" aria-expanded=\"false\">\n\t\t\t\t\t\t\t\t\t\t\t\t\t<span class=\"elementor-accordion-icon elementor-accordion-icon-left\" aria-hidden=\"true\">\n\t\t\t\t\t\t\t\t\t\t\t\t\t\t\t<span class=\"elementor-accordion-icon-closed\"><i class=\"fas fa-plus\"><\/i><\/span>\n\t\t\t\t\t\t\t\t<span class=\"elementor-accordion-icon-opened\"><i class=\"fas fa-minus\"><\/i><\/span>\n\t\t\t\t\t\t\t\t\t\t\t\t\t\t<\/span>\n\t\t\t\t\t\t\t\t\t\t\t\t<a class=\"elementor-accordion-title\" tabindex=\"0\">Informaci\u00f3n importante de tu Boleto al Acuario<\/a>\n\t\t\t\t\t<\/div>\n\t\t\t\t\t<div id=\"elementor-tab-content-2081\" class=\"elementor-tab-content elementor-clearfix\" data-tab=\"1\" role=\"region\" aria-labelledby=\"elementor-tab-title-2081\"><ul><li>Incluye tu entrada a<strong> Acuario Inbursa + Acuario Interactivo<\/strong><\/li><li>Ni\u00f1os menores de 3 a\u00f1os no pagan entrada.<\/li><li>En la compra de tu boletos no hay cambios ni modificaciones una vez seleccionada la fecha de tu visita.<\/li><li><strong>El boleto s\u00f3lo es v\u00e1lido el d\u00eda de tu compra.<\/strong><\/li><li>El boleto electr\u00f3nico llegar\u00e1 al correo indicado en la reserva. En ocasiones podr\u00eda llegar en spam o carpeta de no deseados.<\/li><\/ul><\/div>\n\t\t\t\t<\/div>\n\t\t\t\t\t\t\t\t<\/div>\n\t\t\t\t\t\t<\/div>\n\t\t\t\t<\/div>\n\t\t\t\t<div class=\"elementor-element elementor-element-92ce398 elementor-widget elementor-widget-text-editor\" data-id=\"92ce398\" data-element_type=\"widget\" data-e-type=\"widget\" data-widget_type=\"text-editor.default\">\n\t\t\t\t<div class=\"elementor-widget-container\">\n\t\t\t\t\t\t\t\t\t<p><span style=\"color: #ffffff;\"><sub>* Horarios sujetos a disponibilidad. Horarios sujetos a cambio sin previo aviso. Nos reservamos el derecho de admisi\u00f3n por mal comportamiento y\/o presentarse en estado inconveniente. Una vez reservado su acceso, no hay cambios de fecha y\/o hora. El acceso no es reembolsable. Por disposici\u00f3n de las autoridades de salud, \u00fanicamente podemos emitir reservaciones de hasta 9 pasajeros, juntos todos nos cuidamos.<\/sub><\/span><\/p>\t\t\t\t\t\t\t\t<\/div>\n\t\t\t\t<\/div>\n\t\t\t\t<div class=\"elementor-element elementor-element-58434d3 elementor-widget elementor-widget-html\" data-id=\"58434d3\" data-element_type=\"widget\" data-e-type=\"widget\" data-widget_type=\"html.default\">\n\t\t\t\t<div class=\"elementor-widget-container\">\n\t\t\t\t\t\n \n    <input type=\"hidden\" id=\"vmg_plugin_id\" value=\"1\">\n<input type=\"hidden\" id=\"vmg_plugin_url\" value=\"plugin.venturae.com.mx\">\n<div  id=\"pluginContainer\" class=\"container\"><\/div>\n<link href=\"https:\/\/cdnjs.cloudflare.com\/ajax\/libs\/font-awesome\/5.10.2\/css\/all.min.css\" rel=\"stylesheet\">\n<script src=\"https:\/\/ajax.googleapis.com\/ajax\/libs\/jquery\/3.7.1\/jquery.min.js\"><\/script>\n<script>\n\tjQuery(document).ready(function($){\n\t\tvar vmg_plugin_id = $('#vmg_plugin_id').val();\n\t\tvar vmg_plugin_url = $('#vmg_plugin_url').val();\n\n\t\t$.getScript( `https:\/\/${vmg_plugin_url}\/js\/pluginscripts.js`, function(jd) {\n\t\t\t\"use strict\";\n\t\t\t$.pluginUrl = `https:\/\/${vmg_plugin_url}\/requesterv2.php`;\n\t\t\tvar params = {\n\t\t\t\t\t\t\t\t\t\t\t\t\t\t\t\t\t\t\t\t\t\t\t\t\t\t\t\t\t\t\t\t\t\t\t\t\t\t\t\t'plugin_id': \"1\",\n\t\t\t\t\t\t\t\t\t\t\t\t\t\t\t\t\t\t\t\t\t\t\t\t\t\t\t\t'user_language': \"en\",\n\t\t\t\t\t\t\t\t\t\t\t\t\t\t\t\t\n\t\t\t\t\n\t\t\t\t'plugin_id': vmg_plugin_id\n\t\t\t};\n\t\t\tconst urlParams = new URLSearchParams(window.location.search);\n\t\t\turlParams.forEach((value, key) => {\n\t\t\t\tparams[key] = value;\n\t\t\t});\n\t\t\t$.post($.pluginUrl,params,function(data, status){\n\t\t\t\tjQuery( \"#pluginContainer\" ).html(data);\n\t\t\t});\n\n\t\t});\n\n\t});\n<\/script>\n\t\t\t\t<\/div>\n\t\t\t\t<\/div>\n\t\t\t\t<\/div>\n\t\t\t\t\t<\/div>\n\t\t\t\t<\/div>\n\t\t\t\t<\/div>\n\t\t","protected":false},"excerpt":{"rendered":"<p>COMPRA AQU\u00cd COMPRA AQU\u00cd \u00a1Reserva ahora y asegura tu lugar en esta experiencia \u00fanica bajo el mar! Nuestros espacios son limitados y cada visita transforma nuestro acuario en un lugar vivo, lleno de descubrimiento, aprendizaje y momentos inolvidables. No te quedes fuera de esta aventura m\u00e1gica en el coraz\u00f3n de la CDMX. Informaci\u00f3n importante de [&hellip;]<\/p>\n","protected":false},"author":1,"featured_media":0,"parent":0,"menu_order":0,"comment_status":"closed","ping_status":"closed","template":"elementor_header_footer","meta":{"footnotes":""},"class_list":["post-5","page","type-page","status-publish","hentry"],"_links":{"self":[{"href":"https:\/\/webdev.acuarioinbursa.com.mx\/en\/wp-json\/wp\/v2\/pages\/5","targetHints":{"allow":["GET"]}}],"collection":[{"href":"https:\/\/webdev.acuarioinbursa.com.mx\/en\/wp-json\/wp\/v2\/pages"}],"about":[{"href":"https:\/\/webdev.acuarioinbursa.com.mx\/en\/wp-json\/wp\/v2\/types\/page"}],"author":[{"embeddable":true,"href":"https:\/\/webdev.acuarioinbursa.com.mx\/en\/wp-json\/wp\/v2\/users\/1"}],"replies":[{"embeddable":true,"href":"https:\/\/webdev.acuarioinbursa.com.mx\/en\/wp-json\/wp\/v2\/comments?post=5"}],"version-history":[{"count":115,"href":"https:\/\/webdev.acuarioinbursa.com.mx\/en\/wp-json\/wp\/v2\/pages\/5\/revisions"}],"predecessor-version":[{"id":22132,"href":"https:\/\/webdev.acuarioinbursa.com.mx\/en\/wp-json\/wp\/v2\/pages\/5\/revisions\/22132"}],"wp:attachment":[{"href":"https:\/\/webdev.acuarioinbursa.com.mx\/en\/wp-json\/wp\/v2\/media?parent=5"}],"curies":[{"name":"wp","href":"https:\/\/api.w.org\/{rel}","templated":true}]}}