{"id":5259,"date":"2023-09-02T17:34:36","date_gmt":"2023-09-02T17:34:36","guid":{"rendered":"https:\/\/webdev.acuarioinbursa.com.mx\/?page_id=5259"},"modified":"2026-01-20T22:09:29","modified_gmt":"2026-01-20T22:09:29","slug":"experiencias","status":"publish","type":"page","link":"https:\/\/webdev.acuarioinbursa.com.mx\/en\/experiencias\/","title":{"rendered":"Experiencias"},"content":{"rendered":"\t\t<div data-elementor-type=\"wp-page\" data-elementor-id=\"5259\" class=\"elementor elementor-5259\" data-elementor-post-type=\"page\">\n\t\t\t\t<div class=\"elementor-element elementor-element-15e41f2 e-con-full e-flex e-con e-parent\" data-id=\"15e41f2\" data-element_type=\"container\" data-e-type=\"container\">\n\t\t\t\t<div class=\"elementor-element elementor-element-616a74e elementor-hidden-mobile elementor--h-position-center elementor--v-position-middle elementor-arrows-position-inside elementor-pagination-position-inside elementor-widget elementor-widget-slides\" data-id=\"616a74e\" data-element_type=\"widget\" data-e-type=\"widget\" data-settings=\"{&quot;transition_speed&quot;:450,&quot;navigation&quot;:&quot;both&quot;,&quot;autoplay&quot;:&quot;yes&quot;,&quot;pause_on_hover&quot;:&quot;yes&quot;,&quot;pause_on_interaction&quot;:&quot;yes&quot;,&quot;autoplay_speed&quot;:5000,&quot;infinite&quot;:&quot;yes&quot;,&quot;transition&quot;:&quot;slide&quot;}\" data-widget_type=\"slides.default\">\n\t\t\t\t<div class=\"elementor-widget-container\">\n\t\t\t\t\t\t\t\t\t<div class=\"elementor-swiper\">\n\t\t\t\t\t<div class=\"elementor-slides-wrapper elementor-main-swiper swiper\" role=\"region\" aria-roledescription=\"carousel\" aria-label=\"Slides\" dir=\"ltr\" data-animation=\"fadeInUp\">\n\t\t\t\t<div class=\"swiper-wrapper elementor-slides\">\n\t\t\t\t\t\t\t\t\t\t<div class=\"elementor-repeater-item-843e649 swiper-slide\" role=\"group\" aria-roledescription=\"slide\"><div class=\"swiper-slide-bg\" role=\"img\"><\/div><div class=\"swiper-slide-inner\" ><div class=\"swiper-slide-contents\"><\/div><\/div><\/div>\t\t\t\t<\/div>\n\t\t\t\t\t\t\t<\/div>\n\t\t\t\t<\/div>\n\t\t\t\t\t\t\t\t<\/div>\n\t\t\t\t<\/div>\n\t\t\t\t<\/div>\n\t\t<div class=\"elementor-element elementor-element-3c4eda9 e-con-full e-flex e-con e-parent\" data-id=\"3c4eda9\" data-element_type=\"container\" data-e-type=\"container\">\n\t\t\t\t<div class=\"elementor-element elementor-element-6578389 elementor-hidden-desktop elementor-hidden-tablet elementor--h-position-center elementor--v-position-middle elementor-arrows-position-inside elementor-pagination-position-inside elementor-widget elementor-widget-slides\" data-id=\"6578389\" data-element_type=\"widget\" data-e-type=\"widget\" data-settings=\"{&quot;transition_speed&quot;:450,&quot;navigation&quot;:&quot;both&quot;,&quot;autoplay&quot;:&quot;yes&quot;,&quot;pause_on_hover&quot;:&quot;yes&quot;,&quot;pause_on_interaction&quot;:&quot;yes&quot;,&quot;autoplay_speed&quot;:5000,&quot;infinite&quot;:&quot;yes&quot;,&quot;transition&quot;:&quot;slide&quot;}\" data-widget_type=\"slides.default\">\n\t\t\t\t<div class=\"elementor-widget-container\">\n\t\t\t\t\t\t\t\t\t<div class=\"elementor-swiper\">\n\t\t\t\t\t<div class=\"elementor-slides-wrapper elementor-main-swiper swiper\" role=\"region\" aria-roledescription=\"carousel\" aria-label=\"Slides\" dir=\"ltr\" data-animation=\"fadeInUp\">\n\t\t\t\t<div class=\"swiper-wrapper elementor-slides\">\n\t\t\t\t\t\t\t\t\t\t<div class=\"elementor-repeater-item-7c7647a swiper-slide\" role=\"group\" aria-roledescription=\"slide\"><div class=\"swiper-slide-bg\" role=\"img\"><\/div><div class=\"swiper-slide-inner\" ><div class=\"swiper-slide-contents\"><\/div><\/div><\/div>\t\t\t\t<\/div>\n\t\t\t\t\t\t\t<\/div>\n\t\t\t\t<\/div>\n\t\t\t\t\t\t\t\t<\/div>\n\t\t\t\t<\/div>\n\t\t\t\t<\/div>\n\t\t<div class=\"elementor-element elementor-element-cb27fd8 e-con-full e-flex e-con e-parent\" data-id=\"cb27fd8\" data-element_type=\"container\" data-e-type=\"container\" data-settings=\"{&quot;background_background&quot;:&quot;classic&quot;}\">\n\t\t<div class=\"elementor-element elementor-element-17bfc66 e-flex e-con-boxed e-con e-child\" data-id=\"17bfc66\" data-element_type=\"container\" data-e-type=\"container\">\n\t\t\t\t\t<div class=\"e-con-inner\">\n\t\t\t\t<div class=\"elementor-element elementor-element-19c3ad4 elementor-widget elementor-widget-heading\" data-id=\"19c3ad4\" data-element_type=\"widget\" data-e-type=\"widget\" data-widget_type=\"heading.default\">\n\t\t\t\t<div class=\"elementor-widget-container\">\n\t\t\t\t\t<h1 class=\"elementor-heading-title elementor-size-default\">DISFRUTA DEL MAR DE LA CIUDAD Y VIVE EXPERIENCIAS INCRE\u00cdBLES<\/h1>\t\t\t\t<\/div>\n\t\t\t\t<\/div>\n\t\t\t\t\t<\/div>\n\t\t\t\t<\/div>\n\t\t<div class=\"elementor-element elementor-element-a1c1e97 e-flex e-con-boxed e-con e-child\" data-id=\"a1c1e97\" data-element_type=\"container\" data-e-type=\"container\">\n\t\t\t\t\t<div class=\"e-con-inner\">\n\t\t\t\t<div class=\"elementor-element elementor-element-5255da8 elementor-widget__width-inherit elementor-widget elementor-widget-text-editor\" data-id=\"5255da8\" data-element_type=\"widget\" data-e-type=\"widget\" data-widget_type=\"text-editor.default\">\n\t\t\t\t<div class=\"elementor-widget-container\">\n\t\t\t\t\t\t\t\t\t<p class=\"p1\">Vive el mar de la ciudad con 2 experiencias incre\u00edbles en Acuario Inbursa. Con tu entrada general, disfruta de un recorrido inolvidable donde podr\u00e1s descubrir m\u00e1s de 14,000 animales marinos, interactuar con especies sorprendentes en el Acuario Interactivo sum\u00e9rgete en esta aventura \u00fanica en la Ciudad de M\u00e9xico, donde cada espacio est\u00e1 dise\u00f1ado para emocionarte, sorprenderte y acercarte al fascinante mundo marino. Una sola entrada te brinda dos veces m\u00e1s emoci\u00f3n.\u00a0<\/p><p class=\"p1\"><strong>\u00a1La diversi\u00f3n comienza aqu\u00ed!<\/strong><\/p>\t\t\t\t\t\t\t\t<\/div>\n\t\t\t\t<\/div>\n\t\t\t\t\t<\/div>\n\t\t\t\t<\/div>\n\t\t<div class=\"elementor-element elementor-element-57e9263 e-flex e-con-boxed e-con e-child\" data-id=\"57e9263\" data-element_type=\"container\" data-e-type=\"container\">\n\t\t\t\t\t<div class=\"e-con-inner\">\n\t\t<div class=\"elementor-element elementor-element-2ecb1ec e-con-full e-flex e-con e-child\" data-id=\"2ecb1ec\" data-element_type=\"container\" data-e-type=\"container\">\n\t\t\t\t<div class=\"elementor-element elementor-element-380f092 elementor-widget elementor-widget-ucaddon_overlay_carousel\" data-id=\"380f092\" data-element_type=\"widget\" data-e-type=\"widget\" data-widget_type=\"ucaddon_overlay_carousel.default\">\n\t\t\t\t<div class=\"elementor-widget-container\">\n\t\t\t\t\t<!-- start Overlay Carousel -->\n\t\t<link id='font-awesome-css' href='https:\/\/webdev.acuarioinbursa.com.mx\/wp-content\/plugins\/unlimited-elements-for-elementor-premium\/assets_libraries\/font-awesome5\/css\/fontawesome-all.min.css' type='text\/css' rel='stylesheet' >\n\t\t<link id='font-awesome-4-shim-css' href='https:\/\/webdev.acuarioinbursa.com.mx\/wp-content\/plugins\/unlimited-elements-for-elementor-premium\/assets_libraries\/font-awesome5\/css\/fontawesome-v4-shims.css' type='text\/css' rel='stylesheet' >\n\t\t<link id='owl-carousel-css' href='https:\/\/webdev.acuarioinbursa.com.mx\/wp-content\/plugins\/unlimited-elements-for-elementor-premium\/assets_libraries\/owl-carousel-new\/assets\/owl.carousel.css' type='text\/css' rel='stylesheet' >\n\n\t\t\t<style type=\"text\/css\">\/* widget: Overlay Carousel *\/\n\n#uc_overlay_carousel_elementor_380f092{\n  min-height:1px;\n}\n#uc_overlay_carousel_elementor_380f092 .ue-item\n{\n  position:relative;\n}\n\n\n#uc_overlay_carousel_elementor_380f092 .ue-item-icon\n{\n  line-height:1em;\n  display:inline-flex;\n  justify-content:center;\n  align-items:center;\n  \n}\n\n#uc_overlay_carousel_elementor_380f092 .ue-item-icon svg\n{\n  height:1em;\n  width:1em;\n}\n\n.uc_overlay_elegant_carousel *{\n\tmargin:0;\n\tpadding:0px;\n\tbox-sizing: border-box;\n}\n.uc_overlay_elegant_carousel .uc_elegant_carousel_container_holder{\n\tposition:relative;\n\twidth:100%;\n}\n.uc_overlay_elegant_carousel .uc_elegant_carousel_container_holder .uc_elegant_carousel_placeholder img{\n\twidth:100%;\n    object-fit: cover;\n}\n#uc_overlay_carousel_elementor_380f092 .uc_elegant_carousel_container_holder .uc_elegant_carousel_content{\n\tposition:absolute;\n\tleft:0px; \n\ttop:0px; \n    right:0px; \n\tbottom:0px; \n\twidth:100%;\n\ttext-align:center;\n\toverflow:hidden;\n    opacity:0;\n    transition:1s;\n}\n\n#uc_overlay_carousel_elementor_380f092 .uc_elegant_carousel_container_holder:hover .uc_elegant_carousel_content\n{\n  opacity:1;\n}\n.uc_overlay_elegant_carousel .uc_elegant_carousel_container_holder .uc_elegant_carousel_content .uc_elegant_content_box{\n\theight:100%;\n    display:flex;\n    align-items:center;\n    justify-content:center;\n    flex-direction:column;\n}\n.uc_overlay_elegant_carousel h2{\n\tfont-size:21px;\n}\n\n.uc_overlay_elegant_carousel a.uc_more_btn  {\n\tdisplay:inline-block;\n    text-decoration:none;\n}\n\n\n#uc_overlay_carousel_elementor_380f092 .owl-dots {\noverflow:hidden;\ndisplay:block!important;\ntext-align:center;\n}\n\n#uc_overlay_carousel_elementor_380f092 .owl-dot {\nborder-radius:50%;\ndisplay:inline-block;\n}\n\n\n#uc_overlay_carousel_elementor_380f092 .owl-nav .owl-prev{\n    position:absolute;\n    left:-97px;\n    display:inline-block;\n    text-align:center;\n}\n#uc_overlay_carousel_elementor_380f092 .owl-nav .owl-next{\n  position:absolute;\n    right:-97px;\n  display:inline-block;\n  text-align:center;\n}\n\n#uc_overlay_carousel_elementor_380f092 .owl-nav .owl-prev:after{\n    content: \"\u2190\";\n}\n#uc_overlay_carousel_elementor_380f092 .owl-nav .owl-next:after{\n    content: \"\u2192\";\n}\n\n\t\n\n\n\n\n<\/style>\n\n\t\t\t<div class=\"uc_overlay_elegant_carousel\" style=\"direction:ltr;\" >\n        <div class=\"uc_carousel owl-carousel uc-items-wrapper  \" id=\"uc_overlay_carousel_elementor_380f092\"  >\n           \t<div class=\"uc_elegant_carousel_container_holder ue-item\">\n                <div class=\"uc_elegant_carousel_placeholder\">\n                    <img decoding=\"async\" src=\"https:\/\/images.acuarioinbursa.com.mx\/img\/2025\/07\/experiencia-acuarioinbursa.jpg\" alt=\"experiencia-acuarioinbursa\">\n                <\/div>\n                \n\t\t\t\t<div class=\"uc_elegant_carousel_content\">\n                \t<div class=\"uc_elegant_content_box\">\n                      \n                                                \n                        <h2>Acuario Inbursa<\/h2>\t\n                      \n                                                <div class=\"uc_paragraph\" >\n                        \tNo solo encontrar\u00e1s un acuario, sino una aut\u00e9ntica aventura marina. \u00a1Te invitamos a adentrarte en esta emocionante experiencia en le mejor acuario de la CDMX!\n                        <\/div>\n                        \t\n                      \n                        <div>\n                                                         \t<a class=\"uc_more_btn\" href=\"https:\/\/webdev.acuarioinbursa.com.mx\/experiencias\/acuario-ibursa\/\" >CONOCE M\u00c1S<\/a>\n                            \t\n                          \n                          \t\n                        <\/div>\n                    <\/div>\n                <\/div>\n            <\/div>\n<div class=\"uc_elegant_carousel_container_holder ue-item\">\n                <div class=\"uc_elegant_carousel_placeholder\">\n                    <img decoding=\"async\" src=\"https:\/\/images.acuarioinbursa.com.mx\/img\/2025\/07\/interactivo.jpg\" alt=\"interactivo\">\n                <\/div>\n                \n\t\t\t\t<div class=\"uc_elegant_carousel_content\">\n                \t<div class=\"uc_elegant_content_box\">\n                      \n                                                \n                        <h2>Acuario interactivo<\/h2>\t\n                      \n                                                <div class=\"uc_paragraph\" >\n                        \tEl Acuario Interactivo fusiona ciencia y tecnolog\u00eda para brindar una experiencia divertida que acerca a personas de todas las edades al mundo marino.\n                        <\/div>\n                        \t\n                      \n                        <div>\n                                                         \t<a class=\"uc_more_btn\" href=\"https:\/\/webdev.acuarioinbursa.com.mx\/experiencias\/acuario-interactivo\/\" >CONOCE M\u00c1S<\/a>\n                            \t\n                          \n                          \t\n                        <\/div>\n                    <\/div>\n                <\/div>\n            <\/div>\n\n        <\/div>\t\n<\/div>\n\t\t\t<!-- end Overlay Carousel -->\t\t\t\t<\/div>\n\t\t\t\t<\/div>\n\t\t\t\t<\/div>\n\t\t\t\t\t<\/div>\n\t\t\t\t<\/div>\n\t\t\t\t<div class=\"elementor-element elementor-element-c2e7879 elementor-widget elementor-widget-spacer\" data-id=\"c2e7879\" data-element_type=\"widget\" data-e-type=\"widget\" data-widget_type=\"spacer.default\">\n\t\t\t\t<div class=\"elementor-widget-container\">\n\t\t\t\t\t\t\t<div class=\"elementor-spacer\">\n\t\t\t<div class=\"elementor-spacer-inner\"><\/div>\n\t\t<\/div>\n\t\t\t\t\t\t<\/div>\n\t\t\t\t<\/div>\n\t\t<div class=\"elementor-element elementor-element-b2e50ab e-con-full e-flex e-con e-child\" data-id=\"b2e50ab\" data-element_type=\"container\" data-e-type=\"container\" data-settings=\"{&quot;background_background&quot;:&quot;classic&quot;}\">\n\t\t\t\t<div class=\"elementor-element elementor-element-66ad95b elementor-widget elementor-widget-heading\" data-id=\"66ad95b\" data-element_type=\"widget\" data-e-type=\"widget\" data-widget_type=\"heading.default\">\n\t\t\t\t<div class=\"elementor-widget-container\">\n\t\t\t\t\t<h1 class=\"elementor-heading-title elementor-size-default\">Elige el pase para disfrutar del mejor acuario de la CDMX<\/h1>\t\t\t\t<\/div>\n\t\t\t\t<\/div>\n\t\t<div class=\"elementor-element elementor-element-f4e1588 e-flex e-con-boxed e-con e-child\" data-id=\"f4e1588\" data-element_type=\"container\" data-e-type=\"container\">\n\t\t\t\t\t<div class=\"e-con-inner\">\n\t\t\t\t<div class=\"elementor-element elementor-element-d41e6d8 elementor-arrows-position-outside elementor-pagination-type-bullets elementor-pagination-position-outside elementor-invisible elementor-widget elementor-widget-n-carousel\" data-id=\"d41e6d8\" data-element_type=\"widget\" data-e-type=\"widget\" data-settings=\"{&quot;carousel_items&quot;:[{&quot;slide_title&quot;:&quot;Slide #2&quot;,&quot;_id&quot;:&quot;2c8ec68&quot;},{&quot;slide_title&quot;:&quot;Slide #3&quot;,&quot;_id&quot;:&quot;5ae114f&quot;}],&quot;slides_to_show&quot;:&quot;3&quot;,&quot;slides_to_scroll&quot;:&quot;1&quot;,&quot;_animation&quot;:&quot;fadeInUp&quot;,&quot;slides_to_show_tablet&quot;:&quot;2&quot;,&quot;slides_to_show_mobile&quot;:&quot;1&quot;,&quot;autoplay&quot;:&quot;yes&quot;,&quot;autoplay_speed&quot;:5000,&quot;pause_on_hover&quot;:&quot;yes&quot;,&quot;pause_on_interaction&quot;:&quot;yes&quot;,&quot;infinite&quot;:&quot;yes&quot;,&quot;speed&quot;:500,&quot;offset_sides&quot;:&quot;none&quot;,&quot;arrows&quot;:&quot;yes&quot;,&quot;pagination&quot;:&quot;bullets&quot;,&quot;image_spacing_custom&quot;:{&quot;unit&quot;:&quot;px&quot;,&quot;size&quot;:10,&quot;sizes&quot;:[]},&quot;image_spacing_custom_tablet&quot;:{&quot;unit&quot;:&quot;px&quot;,&quot;size&quot;:&quot;&quot;,&quot;sizes&quot;:[]},&quot;image_spacing_custom_mobile&quot;:{&quot;unit&quot;:&quot;px&quot;,&quot;size&quot;:&quot;&quot;,&quot;sizes&quot;:[]}}\" data-widget_type=\"nested-carousel.default\">\n\t\t\t\t<div class=\"elementor-widget-container\">\n\t\t\t\t\t\t\t<div class=\"e-n-carousel swiper\" role=\"region\" aria-roledescription=\"carousel\" aria-label=\"Carousel\" dir=\"ltr\">\n\t\t\t<div class=\"swiper-wrapper\" aria-live=\"off\">\n\t\t\t\t\t\t\t\t\t\t<div class=\"swiper-slide\" data-slide=\"1\" role=\"group\" aria-roledescription=\"slide\" aria-label=\"1 of 2\">\n\t\t\t\t\t\t\t<div class=\"elementor-element elementor-element-8c27bf0 e-flex e-con-boxed e-con e-child\" data-id=\"8c27bf0\" data-element_type=\"container\" data-e-type=\"container\">\n\t\t\t\t\t<div class=\"e-con-inner\">\n\t\t<div class=\"elementor-element elementor-element-c1be0fb e-con-full e-flex e-con e-child\" data-id=\"c1be0fb\" data-element_type=\"container\" data-e-type=\"container\">\n\t\t\t\t<div class=\"elementor-element elementor-element-645a905 elementor-widget elementor-widget-image\" data-id=\"645a905\" data-element_type=\"widget\" data-e-type=\"widget\" data-widget_type=\"image.default\">\n\t\t\t\t<div class=\"elementor-widget-container\">\n\t\t\t\t\t\t\t\t\t\t\t\t\t\t\t\t<a href=\"\/pases\/pase-general\/\">\n\t\t\t\t\t\t\t<img fetchpriority=\"high\" decoding=\"async\" width=\"495\" height=\"685\" src=\"https:\/\/images.acuarioinbursa.com.mx\/img\/2025\/05\/q297Li6E-PASE-GENERAL-5.png\" class=\"attachment-large size-large wp-image-16594\" alt=\"\" srcset=\"https:\/\/images.acuarioinbursa.com.mx\/img\/2025\/05\/q297Li6E-PASE-GENERAL-5-217x300.png 217w, https:\/\/images.acuarioinbursa.com.mx\/img\/2025\/05\/q297Li6E-PASE-GENERAL-5.png 495w\" sizes=\"(max-width: 495px) 100vw, 495px\" \/>\t\t\t\t\t\t\t\t<\/a>\n\t\t\t\t\t\t\t\t\t\t\t\t\t\t\t<\/div>\n\t\t\t\t<\/div>\n\t\t\t\t<\/div>\n\t\t\t\t\t<\/div>\n\t\t\t\t<\/div>\n\t\t\t\t\t\t\t\t<\/div>\n\t\t\t\t\t\t\t\t\t\t\t<div class=\"swiper-slide\" data-slide=\"2\" role=\"group\" aria-roledescription=\"slide\" aria-label=\"2 of 2\">\n\t\t\t\t\t\t\t<div class=\"elementor-element elementor-element-8bdd605 e-flex e-con-boxed e-con e-child\" data-id=\"8bdd605\" data-element_type=\"container\" data-e-type=\"container\">\n\t\t\t\t\t<div class=\"e-con-inner\">\n\t\t<div class=\"elementor-element elementor-element-643cfb1 e-con-full e-flex e-con e-child\" data-id=\"643cfb1\" data-element_type=\"container\" data-e-type=\"container\">\n\t\t\t\t<div class=\"elementor-element elementor-element-83b34ad elementor-widget elementor-widget-image\" data-id=\"83b34ad\" data-element_type=\"widget\" data-e-type=\"widget\" data-widget_type=\"image.default\">\n\t\t\t\t<div class=\"elementor-widget-container\">\n\t\t\t\t\t\t\t\t\t\t\t\t\t\t\t\t<a href=\"\/shark-pass\/\">\n\t\t\t\t\t\t\t<img decoding=\"async\" width=\"495\" height=\"685\" src=\"https:\/\/images.acuarioinbursa.com.mx\/img\/2025\/05\/8gDJlzB5-SHARKPASS-5.png\" class=\"attachment-large size-large wp-image-16596\" alt=\"\" srcset=\"https:\/\/images.acuarioinbursa.com.mx\/img\/2025\/05\/8gDJlzB5-SHARKPASS-5-217x300.png 217w, https:\/\/images.acuarioinbursa.com.mx\/img\/2025\/05\/8gDJlzB5-SHARKPASS-5.png 495w\" sizes=\"(max-width: 495px) 100vw, 495px\" \/>\t\t\t\t\t\t\t\t<\/a>\n\t\t\t\t\t\t\t\t\t\t\t\t\t\t\t<\/div>\n\t\t\t\t<\/div>\n\t\t\t\t<\/div>\n\t\t\t\t\t<\/div>\n\t\t\t\t<\/div>\n\t\t\t\t\t\t\t\t<\/div>\n\t\t\t\t\t\t\t\t<\/div>\n\t\t<\/div>\n\t\t\t\t\t<div class=\"elementor-swiper-button elementor-swiper-button-prev\" role=\"button\" tabindex=\"0\" aria-label=\"Previous\">\n\t\t\t\t<i aria-hidden=\"true\" class=\"eicon-chevron-left\"><\/i>\t\t\t<\/div>\n\t\t\t<div class=\"elementor-swiper-button elementor-swiper-button-next\" role=\"button\" tabindex=\"0\" aria-label=\"Next\">\n\t\t\t\t<i aria-hidden=\"true\" class=\"eicon-chevron-right\"><\/i>\t\t\t<\/div>\n\t\t\t\t\t<div class=\"swiper-pagination\"><\/div>\n\t\t\t\t\t\t<\/div>\n\t\t\t\t<\/div>\n\t\t\t\t\t<\/div>\n\t\t\t\t<\/div>\n\t\t\t\t<\/div>\n\t\t\t\t<\/div>\n\t\t\t\t<\/div>\n\t\t","protected":false},"excerpt":{"rendered":"<p>DISFRUTA DEL MAR DE LA CIUDAD Y VIVE EXPERIENCIAS INCRE\u00cdBLES Vive el mar de la ciudad con 2 experiencias incre\u00edbles en Acuario Inbursa. Con tu entrada general, disfruta de un recorrido inolvidable donde podr\u00e1s descubrir m\u00e1s de 14,000 animales marinos, interactuar con especies sorprendentes en el Acuario Interactivo sum\u00e9rgete en esta aventura \u00fanica en la [&hellip;]<\/p>\n","protected":false},"author":8,"featured_media":0,"parent":0,"menu_order":0,"comment_status":"closed","ping_status":"closed","template":"elementor_header_footer","meta":{"footnotes":""},"class_list":["post-5259","page","type-page","status-publish","hentry"],"_links":{"self":[{"href":"https:\/\/webdev.acuarioinbursa.com.mx\/en\/wp-json\/wp\/v2\/pages\/5259","targetHints":{"allow":["GET"]}}],"collection":[{"href":"https:\/\/webdev.acuarioinbursa.com.mx\/en\/wp-json\/wp\/v2\/pages"}],"about":[{"href":"https:\/\/webdev.acuarioinbursa.com.mx\/en\/wp-json\/wp\/v2\/types\/page"}],"author":[{"embeddable":true,"href":"https:\/\/webdev.acuarioinbursa.com.mx\/en\/wp-json\/wp\/v2\/users\/8"}],"replies":[{"embeddable":true,"href":"https:\/\/webdev.acuarioinbursa.com.mx\/en\/wp-json\/wp\/v2\/comments?post=5259"}],"version-history":[{"count":151,"href":"https:\/\/webdev.acuarioinbursa.com.mx\/en\/wp-json\/wp\/v2\/pages\/5259\/revisions"}],"predecessor-version":[{"id":21827,"href":"https:\/\/webdev.acuarioinbursa.com.mx\/en\/wp-json\/wp\/v2\/pages\/5259\/revisions\/21827"}],"wp:attachment":[{"href":"https:\/\/webdev.acuarioinbursa.com.mx\/en\/wp-json\/wp\/v2\/media?parent=5259"}],"curies":[{"name":"wp","href":"https:\/\/api.w.org\/{rel}","templated":true}]}}