{"id":5781,"date":"2023-09-22T03:51:38","date_gmt":"2023-09-22T03:51:38","guid":{"rendered":"https:\/\/webdev.acuarioinbursa.com.mx\/?page_id=5781"},"modified":"2025-05-20T22:19:23","modified_gmt":"2025-05-20T22:19:23","slug":"sobre-nosotros","status":"publish","type":"page","link":"https:\/\/webdev.acuarioinbursa.com.mx\/en\/sobre-nosotros\/","title":{"rendered":"Sobre nosotros"},"content":{"rendered":"\t\t<div data-elementor-type=\"wp-page\" data-elementor-id=\"5781\" class=\"elementor elementor-5781\" data-elementor-post-type=\"page\">\n\t\t\t\t<div class=\"elementor-element elementor-element-afecd3f e-flex e-con-boxed e-con e-parent\" data-id=\"afecd3f\" data-element_type=\"container\" data-e-type=\"container\" data-settings=\"{&quot;background_background&quot;:&quot;classic&quot;}\">\n\t\t\t\t\t<div class=\"e-con-inner\">\n\t\t\t\t<div class=\"elementor-element elementor-element-5d117db elementor-invisible elementor-widget elementor-widget-heading\" data-id=\"5d117db\" data-element_type=\"widget\" data-e-type=\"widget\" data-settings=\"{&quot;_animation&quot;:&quot;zoomIn&quot;}\" data-widget_type=\"heading.default\">\n\t\t\t\t<div class=\"elementor-widget-container\">\n\t\t\t\t\t<h1 class=\"elementor-heading-title elementor-size-default\">QUIENES SOMOS<\/h1>\t\t\t\t<\/div>\n\t\t\t\t<\/div>\n\t\t\t\t\t<\/div>\n\t\t\t\t<\/div>\n\t\t<div class=\"elementor-element elementor-element-e0bcba2 e-con-full e-flex e-con e-parent\" data-id=\"e0bcba2\" data-element_type=\"container\" data-e-type=\"container\" data-settings=\"{&quot;background_background&quot;:&quot;classic&quot;}\">\n\t\t<div class=\"elementor-element elementor-element-1825aad e-flex e-con-boxed e-con e-child\" data-id=\"1825aad\" data-element_type=\"container\" data-e-type=\"container\">\n\t\t\t\t\t<div class=\"e-con-inner\">\n\t\t\t\t<div class=\"elementor-element elementor-element-55c23ff elementor-widget elementor-widget-heading\" data-id=\"55c23ff\" data-element_type=\"widget\" data-e-type=\"widget\" data-widget_type=\"heading.default\">\n\t\t\t\t<div class=\"elementor-widget-container\">\n\t\t\t\t\t<h1 class=\"elementor-heading-title elementor-size-default\">Somos Acuario Inbursa: Vida marina, conocimiento y emoci\u00f3n<\/h1>\t\t\t\t<\/div>\n\t\t\t\t<\/div>\n\t\t\t\t<div class=\"elementor-element elementor-element-bd688d0 elementor-widget elementor-widget-text-editor\" data-id=\"bd688d0\" data-element_type=\"widget\" data-e-type=\"widget\" data-widget_type=\"text-editor.default\">\n\t\t\t\t<div class=\"elementor-widget-container\">\n\t\t\t\t\t\t\t\t\t<span style=\"font-weight: 400;\">Somos el <strong>Acuario Inbursa,<\/strong> un asombroso complejo que te invita a embarcarte en un emocionante viaje, llev\u00e1ndote desde la g\u00e9lida Ant\u00e1rtida hasta las profundidades del Amazonas.<\/span>\n\n<span style=\"font-weight: 400;\">Somos una propuesta innovadora que ofrece a visitantes, de todo el pa\u00eds\u00a0 y del mundo, la oportunidad \u00fanica de navegar en un mundo de diversi\u00f3n en donde la vida marina y terrestre son protagonistas.<\/span>\n\n<span style=\"font-weight: 400;\">Nuestro acuario cuenta con siete salas tem\u00e1ticas: Oc\u00e9anos, Laboratorio, Corales, Zona Abisal, Zona T.A.P. (Toca, Aprende y Protege), adem\u00e1s de una sala dedicada a exhibiciones temporales que te adentrar\u00e1 en un mundo submarino como nunca antes lo hab\u00edas experimentado.<\/span>\n\n<span style=\"font-weight: 400;\"><strong>Asimismo y m\u00e1s all\u00e1 de brindarte una experiencia inolvidable, en el Acuario Inbursa desempe\u00f1amos un papel esencial en la conservaci\u00f3n de diversas especies marinas<\/strong> en peligro de extinci\u00f3n, entre las especies que cuidamos se encuentran los corales, caballitos de mar, medusas y ping\u00fcinos, los cuales son cuidadosamente manejados y reproducidos como parte de nuestro compromiso con la protecci\u00f3n de la vida marina.\u00a0<\/span>\n\n<span style=\"font-weight: 400;\">Somos un destino emocionante para toda la familia y un faro de esperanza en la preservaci\u00f3n de la biodiversidad marina.<\/span>\n\n<span style=\"font-weight: 400;\">Somos uno, somos el Acuario Inbursa, el mejor acuario de M\u00e9xico.<\/span>\t\t\t\t\t\t\t\t<\/div>\n\t\t\t\t<\/div>\n\t\t\t\t\t<\/div>\n\t\t\t\t<\/div>\n\t\t<div class=\"elementor-element elementor-element-807be24 e-con-full e-flex e-con e-child\" data-id=\"807be24\" data-element_type=\"container\" data-e-type=\"container\" data-settings=\"{&quot;background_background&quot;:&quot;classic&quot;}\">\n\t\t<div class=\"elementor-element elementor-element-d6be5f9 e-flex e-con-boxed elementor-invisible e-con e-child\" data-id=\"d6be5f9\" data-element_type=\"container\" data-e-type=\"container\" data-settings=\"{&quot;animation&quot;:&quot;fadeInLeft&quot;}\">\n\t\t\t\t\t<div class=\"e-con-inner\">\n\t\t\t\t<div class=\"elementor-element elementor-element-819cf2b elementor-widget elementor-widget-image\" data-id=\"819cf2b\" data-element_type=\"widget\" data-e-type=\"widget\" data-widget_type=\"image.default\">\n\t\t\t\t<div class=\"elementor-widget-container\">\n\t\t\t\t\t\t\t\t\t\t\t\t\t\t\t<img fetchpriority=\"high\" decoding=\"async\" width=\"240\" height=\"239\" src=\"https:\/\/images.acuarioinbursa.com.mx\/img\/2023\/10\/UNICO-ACUARIO.png\" class=\"attachment-full size-full wp-image-6745\" alt=\"\" \/>\t\t\t\t\t\t\t\t\t\t\t\t\t\t\t<\/div>\n\t\t\t\t<\/div>\n\t\t\t\t<div class=\"elementor-element elementor-element-70408a4 elementor-widget elementor-widget-image\" data-id=\"70408a4\" data-element_type=\"widget\" data-e-type=\"widget\" data-widget_type=\"image.default\">\n\t\t\t\t<div class=\"elementor-widget-container\">\n\t\t\t\t\t\t\t\t\t\t\t\t\t\t\t<img decoding=\"async\" width=\"239\" height=\"239\" src=\"https:\/\/images.acuarioinbursa.com.mx\/img\/2023\/10\/EXPERIENCIA.png\" class=\"attachment-full size-full wp-image-6746\" alt=\"\" srcset=\"https:\/\/images.acuarioinbursa.com.mx\/img\/2023\/10\/EXPERIENCIA-150x150.png 150w, https:\/\/images.acuarioinbursa.com.mx\/img\/2023\/10\/EXPERIENCIA.png 239w\" sizes=\"(max-width: 239px) 100vw, 239px\" \/>\t\t\t\t\t\t\t\t\t\t\t\t\t\t\t<\/div>\n\t\t\t\t<\/div>\n\t\t\t\t<div class=\"elementor-element elementor-element-2872fdb elementor-widget elementor-widget-image\" data-id=\"2872fdb\" data-element_type=\"widget\" data-e-type=\"widget\" data-widget_type=\"image.default\">\n\t\t\t\t<div class=\"elementor-widget-container\">\n\t\t\t\t\t\t\t\t\t\t\t\t\t\t\t<img decoding=\"async\" width=\"238\" height=\"238\" src=\"https:\/\/images.acuarioinbursa.com.mx\/img\/2023\/10\/EDUCATIVO.png\" class=\"attachment-full size-full wp-image-6747\" alt=\"\" srcset=\"https:\/\/images.acuarioinbursa.com.mx\/img\/2023\/10\/EDUCATIVO-150x150.png 150w, https:\/\/images.acuarioinbursa.com.mx\/img\/2023\/10\/EDUCATIVO.png 238w\" sizes=\"(max-width: 238px) 100vw, 238px\" \/>\t\t\t\t\t\t\t\t\t\t\t\t\t\t\t<\/div>\n\t\t\t\t<\/div>\n\t\t\t\t\t<\/div>\n\t\t\t\t<\/div>\n\t\t\t\t<\/div>\n\t\t<div class=\"elementor-element elementor-element-490a436 e-flex e-con-boxed e-con e-child\" data-id=\"490a436\" data-element_type=\"container\" data-e-type=\"container\">\n\t\t\t\t\t<div class=\"e-con-inner\">\n\t\t\t\t<div class=\"elementor-element elementor-element-ad94f51 elementor-widget elementor-widget-heading\" data-id=\"ad94f51\" data-element_type=\"widget\" data-e-type=\"widget\" data-widget_type=\"heading.default\">\n\t\t\t\t<div class=\"elementor-widget-container\">\n\t\t\t\t\t<h1 class=\"elementor-heading-title elementor-size-default\">NUESTRAS PRINCIPALES ESPECIES<\/h1>\t\t\t\t<\/div>\n\t\t\t\t<\/div>\n\t\t\t\t<div class=\"elementor-element elementor-element-9f7002e elementor-pagination-type-bullets elementor-pagination-position-outside elementor-invisible elementor-widget elementor-widget-n-carousel\" data-id=\"9f7002e\" data-element_type=\"widget\" data-e-type=\"widget\" data-settings=\"{&quot;carousel_items&quot;:[{&quot;slide_title&quot;:&quot;Slide #1&quot;,&quot;_id&quot;:&quot;8601bba&quot;},{&quot;slide_title&quot;:&quot;Slide #2&quot;,&quot;_id&quot;:&quot;bed5784&quot;},{&quot;slide_title&quot;:&quot;Slide #3&quot;,&quot;_id&quot;:&quot;521aded&quot;},{&quot;slide_title&quot;:&quot;Slide #3&quot;,&quot;_id&quot;:&quot;48228c9&quot;}],&quot;slides_to_show&quot;:&quot;3&quot;,&quot;slides_to_scroll&quot;:&quot;4&quot;,&quot;_animation&quot;:&quot;fadeInRight&quot;,&quot;slides_to_show_tablet&quot;:&quot;2&quot;,&quot;slides_to_show_mobile&quot;:&quot;1&quot;,&quot;autoplay&quot;:&quot;yes&quot;,&quot;autoplay_speed&quot;:5000,&quot;pause_on_hover&quot;:&quot;yes&quot;,&quot;pause_on_interaction&quot;:&quot;yes&quot;,&quot;infinite&quot;:&quot;yes&quot;,&quot;speed&quot;:500,&quot;offset_sides&quot;:&quot;none&quot;,&quot;pagination&quot;:&quot;bullets&quot;,&quot;image_spacing_custom&quot;:{&quot;unit&quot;:&quot;px&quot;,&quot;size&quot;:10,&quot;sizes&quot;:[]},&quot;image_spacing_custom_tablet&quot;:{&quot;unit&quot;:&quot;px&quot;,&quot;size&quot;:&quot;&quot;,&quot;sizes&quot;:[]},&quot;image_spacing_custom_mobile&quot;:{&quot;unit&quot;:&quot;px&quot;,&quot;size&quot;:&quot;&quot;,&quot;sizes&quot;:[]}}\" data-widget_type=\"nested-carousel.default\">\n\t\t\t\t<div class=\"elementor-widget-container\">\n\t\t\t\t\t\t\t<div class=\"e-n-carousel swiper\" role=\"region\" aria-roledescription=\"carousel\" aria-label=\"Carousel\" dir=\"ltr\">\n\t\t\t<div class=\"swiper-wrapper\" aria-live=\"off\">\n\t\t\t\t\t\t\t\t\t\t<div class=\"swiper-slide\" data-slide=\"1\" role=\"group\" aria-roledescription=\"slide\" aria-label=\"1 of 4\">\n\t\t\t\t\t\t\t<div class=\"elementor-element elementor-element-6468829 e-flex e-con-boxed e-con e-child\" data-id=\"6468829\" data-element_type=\"container\" data-e-type=\"container\" data-settings=\"{&quot;animation&quot;:&quot;none&quot;}\">\n\t\t\t\t\t<div class=\"e-con-inner\">\n\t\t\t\t<div class=\"elementor-element elementor-element-ecea0c2 elementor-widget elementor-widget-image\" data-id=\"ecea0c2\" data-element_type=\"widget\" data-e-type=\"widget\" data-widget_type=\"image.default\">\n\t\t\t\t<div class=\"elementor-widget-container\">\n\t\t\t\t\t\t\t\t\t\t\t\t\t\t\t<img loading=\"lazy\" decoding=\"async\" width=\"364\" height=\"453\" src=\"https:\/\/images.acuarioinbursa.com.mx\/img\/2025\/05\/RAYA-QUIENESSOMOS-ACUARIOINBURSA-25.png\" class=\"attachment-full size-full wp-image-17678\" alt=\"\" srcset=\"https:\/\/images.acuarioinbursa.com.mx\/img\/2025\/05\/RAYA-QUIENESSOMOS-ACUARIOINBURSA-25-241x300.png 241w, https:\/\/images.acuarioinbursa.com.mx\/img\/2025\/05\/RAYA-QUIENESSOMOS-ACUARIOINBURSA-25.png 364w\" sizes=\"(max-width: 364px) 100vw, 364px\" \/>\t\t\t\t\t\t\t\t\t\t\t\t\t\t\t<\/div>\n\t\t\t\t<\/div>\n\t\t\t\t<div class=\"elementor-element elementor-element-fbabfce elementor-widget elementor-widget-heading\" data-id=\"fbabfce\" data-element_type=\"widget\" data-e-type=\"widget\" data-widget_type=\"heading.default\">\n\t\t\t\t<div class=\"elementor-widget-container\">\n\t\t\t\t\t<span class=\"elementor-heading-title elementor-size-default\">rayas<\/span>\t\t\t\t<\/div>\n\t\t\t\t<\/div>\n\t\t\t\t<div class=\"elementor-element elementor-element-70dcd6c elementor-widget elementor-widget-text-editor\" data-id=\"70dcd6c\" data-element_type=\"widget\" data-e-type=\"widget\" data-widget_type=\"text-editor.default\">\n\t\t\t\t<div class=\"elementor-widget-container\">\n\t\t\t\t\t\t\t\t\t<p class=\"p1\">Conoce la elegancia y majestuosidad, as\u00ed como la diversidad de formas y patrones que las hacen \u00fanicas en el mundo marino.<\/p>\t\t\t\t\t\t\t\t<\/div>\n\t\t\t\t<\/div>\n\t\t\t\t\t<\/div>\n\t\t\t\t<\/div>\n\t\t\t\t\t\t\t\t<\/div>\n\t\t\t\t\t\t\t\t\t\t\t<div class=\"swiper-slide\" data-slide=\"2\" role=\"group\" aria-roledescription=\"slide\" aria-label=\"2 of 4\">\n\t\t\t\t\t\t\t<div class=\"elementor-element elementor-element-21d90d5 e-flex e-con-boxed e-con e-child\" data-id=\"21d90d5\" data-element_type=\"container\" data-e-type=\"container\">\n\t\t\t\t\t<div class=\"e-con-inner\">\n\t\t\t\t<div class=\"elementor-element elementor-element-b09959c elementor-widget elementor-widget-image\" data-id=\"b09959c\" data-element_type=\"widget\" data-e-type=\"widget\" data-widget_type=\"image.default\">\n\t\t\t\t<div class=\"elementor-widget-container\">\n\t\t\t\t\t\t\t\t\t\t\t\t\t\t\t<img loading=\"lazy\" decoding=\"async\" width=\"364\" height=\"453\" src=\"https:\/\/images.acuarioinbursa.com.mx\/img\/2025\/05\/cocodrilo-quienesosmo-acuarioinbursa-25.png\" class=\"attachment-large size-large wp-image-17680\" alt=\"\" srcset=\"https:\/\/images.acuarioinbursa.com.mx\/img\/2025\/05\/cocodrilo-quienesosmo-acuarioinbursa-25-241x300.png 241w, https:\/\/images.acuarioinbursa.com.mx\/img\/2025\/05\/cocodrilo-quienesosmo-acuarioinbursa-25.png 364w\" sizes=\"(max-width: 364px) 100vw, 364px\" \/>\t\t\t\t\t\t\t\t\t\t\t\t\t\t\t<\/div>\n\t\t\t\t<\/div>\n\t\t\t\t<div class=\"elementor-element elementor-element-4dde39b elementor-widget elementor-widget-heading\" data-id=\"4dde39b\" data-element_type=\"widget\" data-e-type=\"widget\" data-widget_type=\"heading.default\">\n\t\t\t\t<div class=\"elementor-widget-container\">\n\t\t\t\t\t<span class=\"elementor-heading-title elementor-size-default\">cocodrilos<\/span>\t\t\t\t<\/div>\n\t\t\t\t<\/div>\n\t\t\t\t<div class=\"elementor-element elementor-element-e444643 elementor-widget elementor-widget-text-editor\" data-id=\"e444643\" data-element_type=\"widget\" data-e-type=\"widget\" data-widget_type=\"text-editor.default\">\n\t\t\t\t<div class=\"elementor-widget-container\">\n\t\t\t\t\t\t\t\t\t<p class=\"p1\">Lo asombroso de los cocodrilos es su resistencia prehist\u00f3rica, su letalidad como depredadores y su capacidad de adaptaci\u00f3n.<\/p>\t\t\t\t\t\t\t\t<\/div>\n\t\t\t\t<\/div>\n\t\t\t\t\t<\/div>\n\t\t\t\t<\/div>\n\t\t\t\t\t\t\t\t<\/div>\n\t\t\t\t\t\t\t\t\t\t\t<div class=\"swiper-slide\" data-slide=\"3\" role=\"group\" aria-roledescription=\"slide\" aria-label=\"3 of 4\">\n\t\t\t\t\t\t\t<div class=\"elementor-element elementor-element-1d0b856 e-flex e-con-boxed e-con e-child\" data-id=\"1d0b856\" data-element_type=\"container\" data-e-type=\"container\">\n\t\t\t\t\t<div class=\"e-con-inner\">\n\t\t\t\t<div class=\"elementor-element elementor-element-504ce55 elementor-widget elementor-widget-image\" data-id=\"504ce55\" data-element_type=\"widget\" data-e-type=\"widget\" data-widget_type=\"image.default\">\n\t\t\t\t<div class=\"elementor-widget-container\">\n\t\t\t\t\t\t\t\t\t\t\t\t\t\t\t<img loading=\"lazy\" decoding=\"async\" width=\"364\" height=\"453\" src=\"https:\/\/images.acuarioinbursa.com.mx\/img\/2025\/05\/Pinguino-quienesosmo-acuarioinbursa-25.png\" class=\"attachment-large size-large wp-image-17681\" alt=\"\" srcset=\"https:\/\/images.acuarioinbursa.com.mx\/img\/2025\/05\/Pinguino-quienesosmo-acuarioinbursa-25-241x300.png 241w, https:\/\/images.acuarioinbursa.com.mx\/img\/2025\/05\/Pinguino-quienesosmo-acuarioinbursa-25.png 364w\" sizes=\"(max-width: 364px) 100vw, 364px\" \/>\t\t\t\t\t\t\t\t\t\t\t\t\t\t\t<\/div>\n\t\t\t\t<\/div>\n\t\t\t\t<div class=\"elementor-element elementor-element-934e8db elementor-widget elementor-widget-heading\" data-id=\"934e8db\" data-element_type=\"widget\" data-e-type=\"widget\" data-widget_type=\"heading.default\">\n\t\t\t\t<div class=\"elementor-widget-container\">\n\t\t\t\t\t<span class=\"elementor-heading-title elementor-size-default\">ping\u00fcino <\/span>\t\t\t\t<\/div>\n\t\t\t\t<\/div>\n\t\t\t\t<div class=\"elementor-element elementor-element-09fab99 elementor-widget elementor-widget-text-editor\" data-id=\"09fab99\" data-element_type=\"widget\" data-e-type=\"widget\" data-widget_type=\"text-editor.default\">\n\t\t\t\t<div class=\"elementor-widget-container\">\n\t\t\t\t\t\t\t\t\t<p class=\"p1\">Los ping\u00fcinos desaf\u00edan el fr\u00edo extremo con una impresionante combinaci\u00f3n de adaptaci\u00f3n. Ven y convive con ellos en el Acuario Inbursa.<\/p>\t\t\t\t\t\t\t\t<\/div>\n\t\t\t\t<\/div>\n\t\t\t\t\t<\/div>\n\t\t\t\t<\/div>\n\t\t\t\t\t\t\t\t<\/div>\n\t\t\t\t\t\t\t\t\t\t\t<div class=\"swiper-slide\" data-slide=\"4\" role=\"group\" aria-roledescription=\"slide\" aria-label=\"4 of 4\">\n\t\t\t\t\t\t\t<div class=\"elementor-element elementor-element-bec5c51 e-flex e-con-boxed e-con e-child\" data-id=\"bec5c51\" data-element_type=\"container\" data-e-type=\"container\">\n\t\t\t\t\t<div class=\"e-con-inner\">\n\t\t\t\t<div class=\"elementor-element elementor-element-2dd50fd elementor-widget elementor-widget-image\" data-id=\"2dd50fd\" data-element_type=\"widget\" data-e-type=\"widget\" data-widget_type=\"image.default\">\n\t\t\t\t<div class=\"elementor-widget-container\">\n\t\t\t\t\t\t\t\t\t\t\t\t\t\t\t<img loading=\"lazy\" decoding=\"async\" width=\"364\" height=\"453\" src=\"https:\/\/images.acuarioinbursa.com.mx\/img\/2025\/05\/ajolote-quienesosmo-acuarioinbursa-25.png\" class=\"attachment-large size-large wp-image-17679\" alt=\"\" srcset=\"https:\/\/images.acuarioinbursa.com.mx\/img\/2025\/05\/ajolote-quienesosmo-acuarioinbursa-25-241x300.png 241w, https:\/\/images.acuarioinbursa.com.mx\/img\/2025\/05\/ajolote-quienesosmo-acuarioinbursa-25.png 364w\" sizes=\"(max-width: 364px) 100vw, 364px\" \/>\t\t\t\t\t\t\t\t\t\t\t\t\t\t\t<\/div>\n\t\t\t\t<\/div>\n\t\t\t\t<div class=\"elementor-element elementor-element-d0a6c88 elementor-widget elementor-widget-heading\" data-id=\"d0a6c88\" data-element_type=\"widget\" data-e-type=\"widget\" data-widget_type=\"heading.default\">\n\t\t\t\t<div class=\"elementor-widget-container\">\n\t\t\t\t\t<span class=\"elementor-heading-title elementor-size-default\">ajolotes<\/span>\t\t\t\t<\/div>\n\t\t\t\t<\/div>\n\t\t\t\t<div class=\"elementor-element elementor-element-733d331 elementor-widget elementor-widget-text-editor\" data-id=\"733d331\" data-element_type=\"widget\" data-e-type=\"widget\" data-widget_type=\"text-editor.default\">\n\t\t\t\t<div class=\"elementor-widget-container\">\n\t\t\t\t\t\t\t\t\t<p class=\"p1\">\u00bfSab\u00edas que son maravillas biol\u00f3gicas debido a su capacidad \u00fanica de regenerar extremidades, coraz\u00f3n y cerebro?<\/p>\t\t\t\t\t\t\t\t<\/div>\n\t\t\t\t<\/div>\n\t\t\t\t\t<\/div>\n\t\t\t\t<\/div>\n\t\t\t\t\t\t\t\t<\/div>\n\t\t\t\t\t\t\t\t<\/div>\n\t\t<\/div>\n\t\t\t\t\t<div class=\"swiper-pagination\"><\/div>\n\t\t\t\t\t\t<\/div>\n\t\t\t\t<\/div>\n\t\t\t\t\t<\/div>\n\t\t\t\t<\/div>\n\t\t\t\t<\/div>\n\t\t\t\t<\/div>\n\t\t","protected":false},"excerpt":{"rendered":"<p>QUIENES SOMOS Somos Acuario Inbursa: Vida marina, conocimiento y emoci\u00f3n Somos el Acuario Inbursa, un asombroso complejo que te invita a embarcarte en un emocionante viaje, llev\u00e1ndote desde la g\u00e9lida Ant\u00e1rtida hasta las profundidades del Amazonas. Somos una propuesta innovadora que ofrece a visitantes, de todo el pa\u00eds\u00a0 y del mundo, la oportunidad \u00fanica de [&hellip;]<\/p>\n","protected":false},"author":8,"featured_media":0,"parent":0,"menu_order":0,"comment_status":"closed","ping_status":"closed","template":"elementor_header_footer","meta":{"footnotes":""},"class_list":["post-5781","page","type-page","status-publish","hentry"],"_links":{"self":[{"href":"https:\/\/webdev.acuarioinbursa.com.mx\/en\/wp-json\/wp\/v2\/pages\/5781","targetHints":{"allow":["GET"]}}],"collection":[{"href":"https:\/\/webdev.acuarioinbursa.com.mx\/en\/wp-json\/wp\/v2\/pages"}],"about":[{"href":"https:\/\/webdev.acuarioinbursa.com.mx\/en\/wp-json\/wp\/v2\/types\/page"}],"author":[{"embeddable":true,"href":"https:\/\/webdev.acuarioinbursa.com.mx\/en\/wp-json\/wp\/v2\/users\/8"}],"replies":[{"embeddable":true,"href":"https:\/\/webdev.acuarioinbursa.com.mx\/en\/wp-json\/wp\/v2\/comments?post=5781"}],"version-history":[{"count":24,"href":"https:\/\/webdev.acuarioinbursa.com.mx\/en\/wp-json\/wp\/v2\/pages\/5781\/revisions"}],"predecessor-version":[{"id":17700,"href":"https:\/\/webdev.acuarioinbursa.com.mx\/en\/wp-json\/wp\/v2\/pages\/5781\/revisions\/17700"}],"wp:attachment":[{"href":"https:\/\/webdev.acuarioinbursa.com.mx\/en\/wp-json\/wp\/v2\/media?parent=5781"}],"curies":[{"name":"wp","href":"https:\/\/api.w.org\/{rel}","templated":true}]}}